{"id":72109,"date":"2025-06-19T09:23:10","date_gmt":"2025-06-19T06:23:10","guid":{"rendered":"https:\/\/skincandyfamily.fi\/?post_type=product&#038;p=72109"},"modified":"2026-04-29T15:35:22","modified_gmt":"2026-04-29T12:35:22","slug":"skin-candy-ingrown-hair-inhibitor-roll-on-50ml","status":"publish","type":"product","link":"https:\/\/skincandyfamily.fi\/en\/product\/skin-candy-ingrown-hair-inhibitor-roll-on-50ml\/","title":{"rendered":"Ingrown Hair Inhibitor roll-on 50ml"},"content":{"rendered":"<h3 data-start=\"140\" data-end=\"208\"><strong data-start=\"144\" data-end=\"208\"><span dir=\"auto\" style=\"vertical-align: inherit;\"><span dir=\"auto\" style=\"vertical-align: inherit;\">Tehokasta hoitoa sis\u00e4\u00e4nkasvaneille karvoille \u2013 luonnollisilla ainesosilla!<\/span><\/span><\/strong><\/h3>\n<p data-start=\"210\" data-end=\"663\"><span dir=\"auto\" style=\"vertical-align: inherit;\"><span dir=\"auto\" style=\"vertical-align: inherit;\">Edistyksellinen koostumuksemme auttaa ehk\u00e4isem\u00e4\u00e4n ja hoitamaan sis\u00e4\u00e4nkasvaneita karvoja hell\u00e4varaisesti ja tehokkaasti. Aquaxyl-kompleksi, joka sis\u00e4lt\u00e4\u00e4 ksylitolia kolmessa eri molekyylimuodossa, parantaa ihon kosteustasapainoa ja vahvistaa ihon luonnollista suojakerrosta. Salisyylihappo ja AHA-hapot (sitruuna-, viini- ja omenahappo) kuorivat hell\u00e4varaisesti, kun taas hibiskus- ja orvokkiuutteet rauhoittavat \u00e4rtynytt\u00e4 ihoa. Papaiini- ja papaijauute tukevat ihon uusiutumista ja heikent\u00e4v\u00e4t karvatuppea.<\/span><\/span><\/p>\n<p data-start=\"665\" data-end=\"776\"><span dir=\"auto\" style=\"vertical-align: inherit;\"><span dir=\"auto\" style=\"vertical-align: inherit;\">Sopii kaikille ihotyypeille s\u00e4\u00e4nn\u00f6llisess\u00e4 k\u00e4yt\u00f6ss\u00e4. <\/span><\/span><br data-start=\"710\" data-end=\"713\" \/><strong data-start=\"713\" data-end=\"776\"><span dir=\"auto\" style=\"vertical-align: inherit;\"><span dir=\"auto\" style=\"vertical-align: inherit;\">Sano hyv\u00e4stit sis\u00e4\u00e4nkasvaneille karvoille \u2013 ja nauti sile\u00e4st\u00e4, tasaisesta ihosta!<\/span><\/span><\/strong><\/p>\n<h3 data-start=\"783\" data-end=\"802\"><strong data-start=\"787\" data-end=\"802\"><span dir=\"auto\" style=\"vertical-align: inherit;\"><span dir=\"auto\" style=\"vertical-align: inherit;\">K\u00e4ytt\u00f6ohjeet:<\/span><\/span><\/strong><\/h3>\n<ol data-start=\"804\" data-end=\"1491\">\n<li data-start=\"804\" data-end=\"941\">\n<p data-start=\"807\" data-end=\"941\"><strong data-start=\"807\" data-end=\"828\"><span dir=\"auto\" style=\"vertical-align: inherit;\"><span dir=\"auto\" style=\"vertical-align: inherit;\">Puhdista iho:<\/span><\/span><\/strong><br data-start=\"828\" data-end=\"831\" \/><span dir=\"auto\" style=\"vertical-align: inherit;\"><span dir=\"auto\" style=\"vertical-align: inherit;\"> Varmista, ett\u00e4 alue on puhdas ja kuiva. Parhaan tuloksen saavuttamiseksi levit\u00e4 karvanpoiston j\u00e4lkeen sis\u00e4\u00e4nkasvaneiden karvojen est\u00e4miseksi.<\/span><\/span><\/p>\n<\/li>\n<li data-start=\"943\" data-end=\"1118\">\n<p data-start=\"946\" data-end=\"1118\"><strong data-start=\"946\" data-end=\"968\"><span dir=\"auto\" style=\"vertical-align: inherit;\"><span dir=\"auto\" style=\"vertical-align: inherit;\">Levit\u00e4 tuotetta:<\/span><\/span><\/strong><br data-start=\"968\" data-end=\"971\" \/><span dir=\"auto\" style=\"vertical-align: inherit;\"><span dir=\"auto\" style=\"vertical-align: inherit;\"> Py\u00f6rit\u00e4 applikaattoria varovasti kohdealueen tai ongelma-alueen yli. Varmista, ett\u00e4 peit\u00e4t koko alueen, jolla sis\u00e4\u00e4nkasvaneita karvoja todenn\u00e4k\u00f6isesti esiintyy.<\/span><\/span><\/p>\n<\/li>\n<li data-start=\"1120\" data-end=\"1223\">\n<p data-start=\"1123\" data-end=\"1223\"><strong data-start=\"1123\" data-end=\"1141\"><span dir=\"auto\" style=\"vertical-align: inherit;\"><span dir=\"auto\" style=\"vertical-align: inherit;\">Anna imeyty\u00e4:<\/span><\/span><\/strong><br data-start=\"1141\" data-end=\"1144\" \/><span dir=\"auto\" style=\"vertical-align: inherit;\"><span dir=\"auto\" style=\"vertical-align: inherit;\"> Anna tuotteen imeyty\u00e4 kokonaan ihoon. \u00c4l\u00e4 hiero tai huuhtele pois.<\/span><\/span><\/p>\n<\/li>\n<li data-start=\"1225\" data-end=\"1491\">\n<p data-start=\"1228\" data-end=\"1491\"><strong data-start=\"1228\" data-end=\"1246\"><span dir=\"auto\" style=\"vertical-align: inherit;\"><span dir=\"auto\" style=\"vertical-align: inherit;\">K\u00e4yt\u00e4 s\u00e4\u00e4nn\u00f6llisesti:<\/span><\/span><\/strong><br data-start=\"1246\" data-end=\"1249\" \/><span dir=\"auto\" style=\"vertical-align: inherit;\"><span dir=\"auto\" style=\"vertical-align: inherit;\"> Parhaan tuloksen saavuttamiseksi levit\u00e4 p\u00e4ivitt\u00e4in tai jokaisen karvanpoistokerran j\u00e4lkeen. Jatka k\u00e4ytt\u00f6\u00e4, kunnes uudet karvat ovat kasvaneet takaisin pinnalle. Ongelma-alueilla tuotetta voidaan k\u00e4ytt\u00e4\u00e4 my\u00f6s p\u00e4ivitt\u00e4in hoitokertojen v\u00e4lill\u00e4 ihon rauhoittamiseksi ja kosteustasapainon yll\u00e4pit\u00e4miseksi.<\/span><\/span><\/p>\n<\/li>\n<\/ol>\n<p>INCI: Aqua, Propylene Glycol, Glycerin, Sodium Lactate, Citric Acid, Lactic Acid, Glycolic Acid, Xylitylglucoside, Phenoxyethanol, Anhydroxylitol, Papain, Tartaric acid, Malic acid Hydroxyethylcellulose, Xylitol, Salicylic acid, Parfum (Vanilla Caramella), Calcium Pantothenate, Ethylhexylglycerin, Glucose, Xanthan Gum, Vaccinium Myrtillus Leaf Extract, Vitis Vinifera Leaf Extract, Pyrus Malus Fruit Extract, Carica Papaya Fruit Extract, Urea, Caprylyl Glycol, Magnesium Lactate, Citrus Limon Fruit Extract, Saccharum Officinarum Extract, Potassium Sorbate, Potassium Lactate, Sodium Benzoate, Proline, Alanine, Serine, Magnesium Chloride, Sodium Citrate<\/p>\n","protected":false},"excerpt":{"rendered":"<p data-start=\"140\" data-end=\"208\"><strong data-start=\"713\" data-end=\"776\">Say goodbye to ingrown hairs \u2013 and enjoy smooth, even skin!<\/strong><\/p>\n<p data-start=\"210\" data-end=\"663\">Our advanced formula helps prevent and treat ingrown hairs gently and effectively. Suitable for all skin types with regular use.<\/p>\n","protected":false},"featured_media":72110,"template":"","meta":{"_monsterinsights_skip_tracking":false,"_monsterinsights_sitenote_active":false,"_monsterinsights_sitenote_note":"","_monsterinsights_sitenote_category":0},"product_brand":[],"product_cat":[581],"product_tag":[],"class_list":{"0":"post-72109","1":"product","2":"type-product","3":"status-publish","4":"has-post-thumbnail","6":"product_cat-lotions","7":"description-off","9":"first","10":"outofstock","11":"taxable","12":"shipping-taxable","13":"purchasable","14":"product-type-simple"},"_links":{"self":[{"href":"https:\/\/skincandyfamily.fi\/en\/wp-json\/wp\/v2\/product\/72109"}],"collection":[{"href":"https:\/\/skincandyfamily.fi\/en\/wp-json\/wp\/v2\/product"}],"about":[{"href":"https:\/\/skincandyfamily.fi\/en\/wp-json\/wp\/v2\/types\/product"}],"wp:featuredmedia":[{"embeddable":true,"href":"https:\/\/skincandyfamily.fi\/en\/wp-json\/wp\/v2\/media\/72110"}],"wp:attachment":[{"href":"https:\/\/skincandyfamily.fi\/en\/wp-json\/wp\/v2\/media?parent=72109"}],"wp:term":[{"taxonomy":"product_brand","embeddable":true,"href":"https:\/\/skincandyfamily.fi\/en\/wp-json\/wp\/v2\/product_brand?post=72109"},{"taxonomy":"product_cat","embeddable":true,"href":"https:\/\/skincandyfamily.fi\/en\/wp-json\/wp\/v2\/product_cat?post=72109"},{"taxonomy":"product_tag","embeddable":true,"href":"https:\/\/skincandyfamily.fi\/en\/wp-json\/wp\/v2\/product_tag?post=72109"}],"curies":[{"name":"wp","href":"https:\/\/api.w.org\/{rel}","templated":true}]}}