{"id":16281,"date":"2014-06-16T11:05:17","date_gmt":"2014-06-16T08:05:17","guid":{"rendered":"https:\/\/the7.io\/main\/?page_id=16281"},"modified":"2025-09-15T14:29:31","modified_gmt":"2025-09-15T11:29:31","slug":"contact","status":"publish","type":"page","link":"https:\/\/skincandyfamily.fi\/fi\/contact\/","title":{"rendered":"Ota yhteytt\u00e4"},"content":{"rendered":"<div class=\"wpb-content-wrapper\"><div class=\"vc_row wpb_row vc_row-fluid\"><div class=\"wpb_column vc_column_container vc_col-sm-12\"><div class=\"vc_column-inner vc_custom_1715669200687\"><div class=\"wpb_wrapper\">\n\t<div class=\"wpb_text_column wpb_content_element\" >\n\t\t<div class=\"wpb_wrapper\">\n\t\t\t<h4><\/h4>\n<h4 style=\"text-align: center;\">Tervetuloa Skin Candyn maailmaan!<\/h4>\n<p style=\"text-align: center;\">Olemme t\u00e4\u00e4ll\u00e4 auttaaksemme sinua huippulaadukkailla Skin Candyn tuotteilla. Jos olet vasta aloittelemassa kauneusalalla tai etsit lis\u00e4v\u00e4lineit\u00e4 ty\u00f6h\u00f6si, asiantunteva tiimimme on valmiina auttamaan sinua.<\/p>\n<p style=\"text-align: center;\">Voit esitt\u00e4\u00e4 kysymyksi\u00e4, antaa palautetta tai saada lis\u00e4tietoja tuotteistamme.<\/p>\n<p style=\"text-align: center;\">Yst\u00e4v\u00e4llinen tiimimme on t\u00e4\u00e4ll\u00e4 sinua varten!<\/p>\n\n\t\t<\/div>\n\t<\/div>\n<\/div><\/div><\/div><\/div><div id=\"menu_section\" class=\"vc_row wpb_row vc_row-fluid vc_custom_1496400421367 vc_row-o-equal-height vc_row-flex\"><div class=\"wpb_column vc_column_container vc_col-sm-6 vc_col-lg-offset-0 vc_col-lg-6 vc_col-md-offset-0 vc_col-md-6 vc_col-sm-offset-0 vc_col-has-fill\"><div class=\"vc_column-inner vc_custom_1475921321536\"><div class=\"wpb_wrapper\"><div id=\"ultimate-heading-87569f4065f11309\" class=\"uvc-heading ult-adjust-bottom-margin ultimate-heading-87569f4065f11309 uvc-6241 accent-border-color\" data-hspacer=\"line_only\"  data-halign=\"center\" style=\"text-align:center\"><div class=\"uvc-main-heading ult-responsive\"  data-ultimate-target='.uvc-heading.ultimate-heading-87569f4065f11309 h2'  data-responsive-json-new='{\"font-size\":\"desktop:22px;\",\"line-height\":\"desktop:32px;\"}' ><h2 style=\"font-weight:bold;color:#222222;margin-bottom:7px;\">Ota yhteytt\u00e4!<\/h2><\/div><div class=\"uvc-heading-spacer line_only\" style=\"margin-bottom:40px;height:3px;\"><span class=\"uvc-headings-line\" style=\"border-style:solid;border-bottom-width:3px;border-color:#ccc;width:70px;\"><\/span><\/div><\/div><form class=\"dt-contact-form dt-form\" method=\"post\" action=\"\"><input type=\"hidden\" name=\"widget_id\" value=\"presscore-contact-form-widget--1\" \/><input type=\"hidden\" name=\"send_message\" value=\"\" \/><input type=\"hidden\" name=\"security_token\" value=\"66c5d348418296564b4b\"\/><div class=\"form-fields\"><span class=\"form-name\"><label class=\"assistive-text\">Nimi *<\/label><input type=\"text\" class=\"validate[required]\" placeholder=\"Nimi *\" name=\"name\" value=\"\" aria-required=\"true\">\n<\/span><span class=\"form-mail\"><label class=\"assistive-text\">S\u00e4hk\u00f6posti *<\/label><input type=\"text\" class=\"validate[required,custom[email]]\" placeholder=\"S\u00e4hk\u00f6posti *\" name=\"email\" value=\"\" aria-required=\"true\">\n<\/span><span class=\"form-telephone\"><label class=\"assistive-text\">Puhelin *<\/label><input type=\"text\" placeholder=\"Puhelin *\" name=\"telephone\" value=\"\" aria-required=\"false\">\n<\/span><\/div><span class=\"form-message\"><label class=\"assistive-text\">Viesti<\/label><textarea placeholder=\"Viesti\" name=\"message\" rows=\"5\" aria-required=\"false\"><\/textarea>\n<\/span><p><a href=\"#\" class=\"dt-btn dt-btn-m dt-btn-submit\" rel=\"nofollow\"><span>L\u00e4het\u00e4 viesti<\/span><\/a><input class=\"assistive-text\" type=\"submit\" value=\"submit\"><\/p><input type=\"hidden\" name=\"trp-form-language\" value=\"fi\"\/><\/form>\n<\/div><\/div><\/div><div class=\"wpb_column vc_column_container vc_col-sm-6\"><div class=\"vc_column-inner\"><div class=\"wpb_wrapper\">\n\t<div  class=\"wpb_single_image wpb_content_element vc_align_left\">\n\t\t\n\t\t<figure class=\"wpb_wrapper vc_figure\">\n\t\t\t<div class=\"vc_single_image-wrapper   vc_box_border_grey\"><img loading=\"lazy\" decoding=\"async\" width=\"1024\" height=\"796\" src=\"https:\/\/skincandyfamily.fi\/wp-content\/uploads\/2024\/05\/IMG_5083-1024x796.jpg\" class=\"vc_single_image-img attachment-large\" alt=\"\" title=\"IMG_5083\" srcset=\"https:\/\/skincandyfamily.fi\/wp-content\/uploads\/2024\/05\/IMG_5083-1024x796.jpg 1024w, https:\/\/skincandyfamily.fi\/wp-content\/uploads\/2024\/05\/IMG_5083-300x233.jpg 300w, https:\/\/skincandyfamily.fi\/wp-content\/uploads\/2024\/05\/IMG_5083-768x597.jpg 768w, https:\/\/skincandyfamily.fi\/wp-content\/uploads\/2024\/05\/IMG_5083-1536x1195.jpg 1536w, https:\/\/skincandyfamily.fi\/wp-content\/uploads\/2024\/05\/IMG_5083-2048x1593.jpg 2048w, https:\/\/skincandyfamily.fi\/wp-content\/uploads\/2024\/05\/IMG_5083-15x12.jpg 15w\" sizes=\"(max-width: 1024px) 100vw, 1024px\"  data-dt-location=\"https:\/\/skincandyfamily.fi\/fi\/contact\/img_5083\/\" \/><\/div>\n\t\t<\/figure>\n\t<\/div>\n<\/div><\/div><\/div><\/div><!-- Row Backgrounds --><div class=\"upb_color\" data-bg-override=\"ex-full\" data-bg-color=\"rgba(170,170,170,0.1)\" data-fadeout=\"\" data-fadeout-percentage=\"30\" data-parallax-content=\"\" data-parallax-content-sense=\"30\" data-row-effect-mobile-disable=\"true\" data-img-parallax-mobile-disable=\"true\" data-rtl=\"false\"  data-custom-vc-row=\"\"  data-vc=\"8.4.1\"  data-is_old_vc=\"\"  data-theme-support=\"\"   data-overlay=\"false\" data-overlay-color=\"\" data-overlay-pattern=\"\" data-overlay-pattern-opacity=\"\" data-overlay-pattern-size=\"\"    ><\/div><div class=\"vc_row wpb_row vc_row-fluid\"><div class=\"wpb_column vc_column_container vc_col-sm-12\"><div class=\"vc_column-inner\"><div class=\"wpb_wrapper\">\n\t<div class=\"wpb_text_column wpb_content_element\" >\n\t\t<div class=\"wpb_wrapper\">\n\t\t\t<h2 style=\"text-align: center;\">Skin Candy maailmalla<\/h2>\n<h3 style=\"text-align: center;\">L\u00f6yd\u00e4 jakelija omasta maastasi.<\/h3>\n\n\t\t<\/div>\n\t<\/div>\n<\/div><\/div><\/div><\/div><div class=\"vc_row wpb_row vc_row-fluid vc_custom_1715321497972 vc_row-has-fill\"><div class=\"wpb_column vc_column_container vc_col-sm-4 vc_col-has-fill\"><div class=\"vc_column-inner vc_custom_1715321327400\"><div class=\"wpb_wrapper\">\n\t<div class=\"wpb_text_column wpb_content_element  vc_custom_1718009315682\" >\n\t\t<div class=\"wpb_wrapper\">\n\t\t\t<p>SUOMI<\/p>\n<p>Hoitolatukku<\/p>\n<p>+358 221 222 00<\/p>\n<p><a href=\"mailto:info@hoitolatukku.fi\">info@hoitolatukku.fi<\/a><\/p>\n\n\t\t<\/div>\n\t<\/div>\n<\/div><\/div><\/div><div class=\"wpb_column vc_column_container vc_col-sm-4 vc_col-has-fill\"><div class=\"vc_column-inner vc_custom_1715321308809\"><div class=\"wpb_wrapper\">\n\t<div class=\"wpb_text_column wpb_content_element\" >\n\t\t<div class=\"wpb_wrapper\">\n\t\t\t<p>RUOTSI<\/p>\n<p>By Glav\u00e9n &amp; Friends<\/p>\n<p>+46 (0) 991 27 4660<\/p>\n<p><a href=\"mailto:maria@byglaven.se\">maria@byglaven.se <\/a><\/p>\n\n\t\t<\/div>\n\t<\/div>\n<\/div><\/div><\/div><div class=\"wpb_column vc_column_container vc_col-sm-4\"><div class=\"vc_column-inner\"><div class=\"wpb_wrapper\">\n\t<div class=\"wpb_text_column wpb_content_element  vc_custom_1734416146498\" >\n\t\t<div class=\"wpb_wrapper\">\n\t\t\t<p>ALANKOMAAT<\/p>\n<p>Greenest Cosmetics<\/p>\n<p>tel. +31 6 30733077<\/p>\n<p><a href=\"mailto:welcome@greenestcosmetics.com\">welcome@greenestcosmetics.com<\/a><\/p>\n\n\t\t<\/div>\n\t<\/div>\n<\/div><\/div><\/div><\/div><div class=\"vc_row wpb_row vc_row-fluid\"><div class=\"wpb_column vc_column_container vc_col-sm-4\"><div class=\"vc_column-inner\"><div class=\"wpb_wrapper\">\n\t<div class=\"wpb_text_column wpb_content_element\" >\n\t\t<div class=\"wpb_wrapper\">\n\t\t\t<p>JAPANI<\/p>\n<p>Yunige Co., Ltd.<\/p>\n<p>+813 680 466 59<\/p>\n<p><a href=\"mailto:m.takeuchi@takeuchi-md.jp\">m.takeuchi@takeuchi-md.jp<\/a><\/p>\n\n\t\t<\/div>\n\t<\/div>\n<\/div><\/div><\/div><div class=\"wpb_column vc_column_container vc_col-sm-4\"><div class=\"vc_column-inner\"><div class=\"wpb_wrapper\">\n\t<div class=\"wpb_text_column wpb_content_element\" >\n\t\t<div class=\"wpb_wrapper\">\n\t\t\t<p>SLOVENIA<\/p>\n<p>Studio Jantar Jana Vidovic sp<\/p>\n<p><a href=\"mailto:amorekatja@gmail.com\">amorekatja@gmail.com<\/a><\/p>\n\n\t\t<\/div>\n\t<\/div>\n<\/div><\/div><\/div><div class=\"wpb_column vc_column_container vc_col-sm-4\"><div class=\"vc_column-inner\"><div class=\"wpb_wrapper\">\n\t<div class=\"wpb_text_column wpb_content_element\" >\n\t\t<div class=\"wpb_wrapper\">\n\t\t\t<p>SVEITSI<\/p>\n<p>Locher Kosmetik AG<\/p>\n<p>+41 (0)34 535 98 48<\/p>\n<p><a href=\"mailto:info@locherkosmetik.ch\">info@locherkosmetik.ch<\/a><\/p>\n\n\t\t<\/div>\n\t<\/div>\n<\/div><\/div><\/div><\/div><div class=\"vc_row wpb_row vc_row-fluid vc_custom_1475855617459 vc_row-o-content-top vc_row-flex\"><div class=\"wpb_column vc_column_container vc_col-sm-6 vc_col-lg-4 vc_col-md-4\"><div class=\"vc_column-inner\"><div class=\"wpb_wrapper\">\n\t<div  class=\"wpb_single_image wpb_content_element vc_align_center\">\n\t\t\n\t\t<figure class=\"wpb_wrapper vc_figure\">\n\t\t\t<div class=\"vc_single_image-wrapper   vc_box_border_grey\"><img loading=\"lazy\" decoding=\"async\" width=\"120\" height=\"120\" src=\"https:\/\/skincandyfamily.fi\/wp-content\/uploads\/2019\/02\/skincandyretina120x120px.png\" class=\"vc_single_image-img attachment-full\" alt=\"\" title=\"skincandyretina120x120px\"  data-dt-location=\"https:\/\/skincandyfamily.fi\/fi\/skincandyretina120x120px\/\" \/><\/div>\n\t\t<\/figure>\n\t<\/div>\n<\/div><\/div><\/div><div class=\"wpb_column vc_column_container vc_col-sm-6 vc_col-lg-4 vc_col-md-4\"><div class=\"vc_column-inner\"><div class=\"wpb_wrapper\"><div class=\"aio-icon-component    style_1\"><div id=\"Info-box-wrap-5012\" class=\"aio-icon-box left-icon\" style=\"\"  ><div class=\"aio-icon-left\"><div class=\"ult-just-icon-wrapper\"><div class=\"align-icon\" style=\"text-align:center;\">\n<div class=\"aio-icon advanced\"  style=\"color:#333;border-style:;border-color:#333333;border-width:1px;width:26px;height:26px;line-height:26px;border-radius:500px;font-size:24px;display:inline-block;\">\n\t<i class=\"icomoon-material-24x24-home\"><\/i>\n<\/div><\/div><\/div><\/div><div class=\"aio-ibd-block\"><div class=\"aio-icon-header\" ><h3 class=\"aio-icon-title ult-responsive\"  data-ultimate-target='#Info-box-wrap-5012 .aio-icon-title'  data-responsive-json-new='{\"font-size\":\"desktop:16px;\",\"line-height\":\"desktop:26px;\"}'  style=\"font-weight:bold;\">Osoite<\/h3><\/div> <!-- header --><div class=\"aio-icon-description ult-responsive\"  data-ultimate-target='#Info-box-wrap-5012 .aio-icon-description'  data-responsive-json-new='{\"font-size\":\"\",\"line-height\":\"\"}'  style=\"\"><\/p>\n<p>Hoitolatukku Tuonti Oy<br \/>\nKalliorannantie 4<br \/>\n21310 Vahto<br \/>\nSuomi<\/p>\n<p><\/div> <!-- description --><\/div> <!-- aio-ibd-block --><\/div> <!-- aio-icon-box --><\/div> <!-- aio-icon-component --><\/div><\/div><\/div><div class=\"wpb_column vc_column_container vc_col-sm-6 vc_col-lg-4 vc_col-md-4\"><div class=\"vc_column-inner\"><div class=\"wpb_wrapper\"><div class=\"aio-icon-component    style_1\"><div id=\"Info-box-wrap-7643\" class=\"aio-icon-box left-icon\" style=\"\"  ><div class=\"aio-icon-left\"><div class=\"ult-just-icon-wrapper\"><div class=\"align-icon\" style=\"text-align:center;\">\n<div class=\"aio-icon advanced\"  style=\"color:#333;background:rgba(255,255,255,0.01);border-style:;border-color:#333333;border-width:1px;width:26px;height:26px;line-height:26px;border-radius:500px;font-size:24px;display:inline-block;\">\n\t<i class=\"icomoon-material-24x24-phone_android\"><\/i>\n<\/div><\/div><\/div><\/div><div class=\"aio-ibd-block\"><div class=\"aio-icon-header\" ><h3 class=\"aio-icon-title ult-responsive\"  data-ultimate-target='#Info-box-wrap-7643 .aio-icon-title'  data-responsive-json-new='{\"font-size\":\"desktop:16px;\",\"line-height\":\"desktop:26px;\"}'  style=\"font-weight:bold;\">Soita meille<\/h3><\/div> <!-- header --><div class=\"aio-icon-description ult-responsive\"  data-ultimate-target='#Info-box-wrap-7643 .aio-icon-description'  data-responsive-json-new='{\"font-size\":\"\",\"line-height\":\"\"}'  style=\"\">+358 2 21 22 200<\/p>\n<p>+358 407 434 413<\/div> <!-- description --><\/div> <!-- aio-ibd-block --><\/div> <!-- aio-icon-box --><\/div> <!-- aio-icon-component --><div class=\"aio-icon-component    style_1\"><div id=\"Info-box-wrap-7515\" class=\"aio-icon-box left-icon\" style=\"\"  ><div class=\"aio-icon-left\"><div class=\"ult-just-icon-wrapper\"><div class=\"align-icon\" style=\"text-align:center;\">\n<div class=\"aio-icon advanced\"  style=\"color:#333;background:rgba(255,255,255,0.01);border-style:;border-color:#333333;border-width:1px;width:26px;height:26px;line-height:26px;border-radius:500px;font-size:24px;display:inline-block;\">\n\t<i class=\"icomoon-material-24x24-drafts\"><\/i>\n<\/div><\/div><\/div><\/div><div class=\"aio-ibd-block\"><div class=\"aio-icon-header\" ><h3 class=\"aio-icon-title ult-responsive\"  data-ultimate-target='#Info-box-wrap-7515 .aio-icon-title'  data-responsive-json-new='{\"font-size\":\"desktop:16px;\",\"line-height\":\"desktop:26px;\"}'  style=\"font-weight:bold;\">S\u00e4hk\u00f6posti<\/h3><\/div> <!-- header --><div class=\"aio-icon-description ult-responsive\"  data-ultimate-target='#Info-box-wrap-7515 .aio-icon-description'  data-responsive-json-new='{\"font-size\":\"\",\"line-height\":\"\"}'  style=\"\">moi@skincandyfamily.fi<\/div> <!-- description --><\/div> <!-- aio-ibd-block --><\/div> <!-- aio-icon-box --><\/div> <!-- aio-icon-component --><\/div><\/div><\/div><\/div>\n<\/div>","protected":false},"excerpt":{"rendered":"<p>Welcome to Skin Candy! We are here to help you with top-quality beauty and healthcare products. If you are new to the beauty field or looking to add more tools to your work, our expert team is ready to help. You can ask questions, give feedback, or find out more about our products. Our friendly&hellip;<\/p>","protected":false},"author":9,"featured_media":0,"parent":0,"menu_order":20,"comment_status":"closed","ping_status":"closed","template":"","meta":{"_monsterinsights_skip_tracking":false,"_monsterinsights_sitenote_active":false,"_monsterinsights_sitenote_note":"","_monsterinsights_sitenote_category":0,"footnotes":""},"class_list":["post-16281","page","type-page","status-publish","hentry","description-off"],"_links":{"self":[{"href":"https:\/\/skincandyfamily.fi\/fi\/wp-json\/wp\/v2\/pages\/16281"}],"collection":[{"href":"https:\/\/skincandyfamily.fi\/fi\/wp-json\/wp\/v2\/pages"}],"about":[{"href":"https:\/\/skincandyfamily.fi\/fi\/wp-json\/wp\/v2\/types\/page"}],"author":[{"embeddable":true,"href":"https:\/\/skincandyfamily.fi\/fi\/wp-json\/wp\/v2\/users\/9"}],"replies":[{"embeddable":true,"href":"https:\/\/skincandyfamily.fi\/fi\/wp-json\/wp\/v2\/comments?post=16281"}],"version-history":[{"count":5,"href":"https:\/\/skincandyfamily.fi\/fi\/wp-json\/wp\/v2\/pages\/16281\/revisions"}],"predecessor-version":[{"id":72124,"href":"https:\/\/skincandyfamily.fi\/fi\/wp-json\/wp\/v2\/pages\/16281\/revisions\/72124"}],"wp:attachment":[{"href":"https:\/\/skincandyfamily.fi\/fi\/wp-json\/wp\/v2\/media?parent=16281"}],"curies":[{"name":"wp","href":"https:\/\/api.w.org\/{rel}","templated":true}]}}