{"id":66239,"date":"2018-12-13T16:35:29","date_gmt":"2018-12-13T14:35:29","guid":{"rendered":"https:\/\/skincandyfamily.fi\/?page_id=66239"},"modified":"2024-06-18T08:54:17","modified_gmt":"2024-06-18T05:54:17","slug":"xylitol-2","status":"publish","type":"page","link":"https:\/\/skincandyfamily.fi\/fi\/xylitol-2\/","title":{"rendered":"Candying"},"content":{"rendered":"<div class=\"wpb-content-wrapper\"><div class=\"vc_row wpb_row vc_row-fluid vc_custom_1544712950968\"><div class=\"wpb_column vc_column_container vc_col-sm-8\"><div class=\"vc_column-inner\"><div class=\"wpb_wrapper\">\n\t<div class=\"wpb_text_column wpb_content_element\" >\n\t\t<div class=\"wpb_wrapper\">\n\t\t\t<h3><img loading=\"lazy\" decoding=\"async\" class=\"size-full wp-image-66301 alignright\" src=\"https:\/\/skincandyfamily.fi\/wp-content\/uploads\/2018\/12\/with-xylitol-100px.png\" alt=\"\" width=\"100\" height=\"122\" \/>Xylitol on salaisuutemme<\/h3>\n<p>Useimmat Scandinavian Skin Candy ihonhoitotuotteet ja karvanpoistomassat sis\u00e4lt\u00e4v\u00e4t Xylitolia! Massojen patentoidun koostumuksen ansiosta karvanpoisto on helpompaa ja mukavampaa kuin koskaan ennen ja sill\u00e4 on my\u00f6s eritt\u00e4in positiivisia vaikutuksia ihoon. Xylitoli nimitt\u00e4in tasapainottaa, kosteuttaa ja rauhoittaa ihoa. T\u00e4st\u00e4 vaikutuksesta hy\u00f6tyv\u00e4t merkitt\u00e4v\u00e4sti atoopikot ja kuivasta ihosta k\u00e4rsiv\u00e4t.<\/p>\n<p>Karvanpoistomassoissa on hyvin korkea sokeripitoisuus, joka est\u00e4\u00e4 bakteerien kasvamisen massoissa. Xylitolin my\u00f6t\u00e4 massat sis\u00e4lt\u00e4v\u00e4t sokerialkoholeja, jotka tekev\u00e4t tuotteistamme kosteuttavampia ja antibakteerisia.<\/p>\n<p>&nbsp;<\/p>\n<h3>\u201cWax is for Cars, Candy is for Skin\u201d<\/h3>\n<p>Vaha ei ole hyv\u00e4ksi iholle, sill\u00e4 se tarttuu my\u00f6s el\u00e4v\u00e4\u00e4n ihosoluun. Se \u00e4rsytt\u00e4\u00e4 ihoa ja silloin karvanpoisto tuntuu kivuliaalta.<\/p>\n<p>Skin Candyll\u00e4 ihokarvat poistetaan karvan luonnolliseen kasvusuuntaan, kun taas vahauksessa kasvusuunnan vastaisesti. Silloin on my\u00f6s riski, ett\u00e4 karvat katkeavat eiv\u00e4tk\u00e4 irtoa karvatuppea my\u00f6den ja kasvavat takaisin nopeasti.<\/p>\n<p>Me suosittelemme iholle vain parasta -  Skin Candy\u00e4. Meid\u00e4n luonnolliset karvanpoistomassat sis\u00e4lt\u00e4v\u00e4t Xylitolia, joka hoitaa samalla my\u00f6s ihoa.<\/p>\n<p>Karvat poistetaan niiden luonnollisen kasvusuunnan mukaisesti, jolloin ne irtoavat paremmin ja hell\u00e4varaisemmin kuin mill\u00e4\u00e4n muulla menetelm\u00e4ll\u00e4. Skin Candy karvanpoistomassa tarttuu ihokarvan lis\u00e4ksi my\u00f6s kuolleeseen ihosolukkoon ja j\u00e4tt\u00e4\u00e4 siksi ihon silkinpehme\u00e4ksi, viikoiksi!<\/p>\n<p>&nbsp;<\/p>\n<h3>Luonnollisuus<\/h3>\n<p>Skin Candy ihonhoitotuotteet ja karvanpoistomassat ovat mahdollisimman luonnollisia... karvanpoistomassat jopa niin luonnollisia, ett\u00e4 niit\u00e4 voisi vaikka sy\u00f6d\u00e4! Koska karvanpoistomassat on valmistettu puhtaista luonnollisista raaka-aineista, ne eiv\u00e4t sis\u00e4ll\u00e4 s\u00e4il\u00f6nt\u00e4aineita tai kemikaaleja.<\/p>\n<p>Hoidon loppuvoiteena on hoitava Caramel Cream, joka sis\u00e4lt\u00e4\u00e4 ihoa ravitsevia ja pehment\u00e4vi\u00e4 luonnollisia raaka-aineita kuten shea- ja kaakaovoita. Pantenoli ja Xylitoli rauhoittavat iho\u00e4rsytyksi\u00e4 ja kosteuttavat ihon kuivimpiakin kohtia. Erinomainen tuote k\u00e4ytett\u00e4v\u00e4ksi karvanpoiston j\u00e4lkeen. Tuloksena on tasaisempi, pehme\u00e4mpi ja hyv\u00e4lt\u00e4 tuoksuva iho. 99 % luonnollisia ainesosia.<\/p>\n<p>&nbsp;<\/p>\n<h3>Kivuttomampi karvanpoistomenetelm\u00e4<\/h3>\n<p>Skin Candyll\u00e4 kaikki voivat kokea miellytt\u00e4v\u00e4n ja jopa t\u00e4ydellisen karvanpoistokokemuksen.<\/p>\n<p>Skin Candyll\u00e4 poistetaan karvat niiden kasvusuunnan mukaisesti, jolloin ne irtoavat helposti ja luonnollisesti. N\u00e4in voimme my\u00f6s minimoida ep\u00e4miellytt\u00e4vien sis\u00e4\u00e4nkasvaneiden karvojen syntymist\u00e4.<\/p>\n<p>Skin Candy -massa tarttuu vain ihokarvaan ja kuolleeseen ihosolukkoon ja tekee karvanpoistosta iholle hell\u00e4varaisempaa ja kivuttomampaa.<\/p>\n<p>&nbsp;<\/p>\n<h3>Vaikutus ihoon ja karvan kasvuun<\/h3>\n<p>Skin Candyll\u00e4 onnistuu my\u00f6s lyhimpien karvojen poisto, joten asiakkaan ei tarvitse odottaa, ett\u00e4 karvat ovat 5-7 mm: n pituisia. Skin Candy karvanpoisto heikent\u00e4\u00e4 my\u00f6s karvan kasvua. K\u00e4ym\u00e4ll\u00e4 s\u00e4\u00e4nn\u00f6llisesti Skin Candy karvanpoistossa huomaat eron jo muutaman hoitokerran j\u00e4lkeen.<\/p>\n<p>Rakasta pehme\u00e4\u00e4 ihoasi!<\/p>\n\n\t\t<\/div>\n\t<\/div>\n<\/div><\/div><\/div><div class=\"wpb_column vc_column_container vc_col-sm-4\"><div class=\"vc_column-inner\"><div class=\"wpb_wrapper\"><div id=\"ultimate-heading-870969f40efc9d4eb\" class=\"uvc-heading ult-adjust-bottom-margin ultimate-heading-870969f40efc9d4eb uvc-6539 accent-border-color color-title\" data-hspacer=\"line_only\"  data-halign=\"center\" style=\"text-align:center\"><div class=\"uvc-main-heading ult-responsive\"  data-ultimate-target='.uvc-heading.ultimate-heading-870969f40efc9d4eb h2'  data-responsive-json-new='{\"font-size\":\"desktop:30px;\",\"line-height\":\"desktop:40px;\"}' ><h2 style=\"font-weight:bold;margin-bottom:10px;\">Luonnollinen - Pehme\u00e4 - Miellytt\u00e4v\u00e4<\/h2><\/div><div class=\"uvc-heading-spacer line_only\" style=\"topheight:3px;\"><span class=\"uvc-headings-line\" style=\"border-style:solid;border-bottom-width:3px;border-color:#ccc;width:100px;\"><\/span><\/div><\/div>\n\t<div class=\"wpb_text_column wpb_content_element  vc_custom_1548419924442\" >\n\t\t<div class=\"wpb_wrapper\">\n\t\t\t<p>Scandinavian Skin Candy on kotimainen tuotemerkki, joka sai alkunsa halusta tarjota ammattilaisille laadukas ja luonnollinen karvanpoistomenetelm\u00e4. Luonnollisuus ei kuitenkaan tarkoita etteik\u00f6 tuote voisi tuoksua hyv\u00e4lt\u00e4. Tuoteperheemme on kasvanut my\u00f6s ihastuttavilla, herkullisen tuoksuisilla vartalo -ja kasvohoitotuotteilla.<\/p>\n\n\t\t<\/div>\n\t<\/div>\n\n\t<div  class=\"wpb_single_image wpb_content_element vc_align_left  vc_custom_1718690057220\">\n\t\t\n\t\t<figure class=\"wpb_wrapper vc_figure\">\n\t\t\t<div class=\"vc_single_image-wrapper   vc_box_border_grey\"><img loading=\"lazy\" decoding=\"async\" width=\"2048\" height=\"2048\" src=\"https:\/\/skincandyfamily.fi\/wp-content\/uploads\/2024\/06\/2019-07-09_Candying-pastes-SC-FIXER.jpg\" class=\"vc_single_image-img attachment-full\" alt=\"\" title=\"2019-07-09_Kamellitahnat SC-FIXER\" srcset=\"https:\/\/skincandyfamily.fi\/wp-content\/uploads\/2024\/06\/2019-07-09_Candying-pastes-SC-FIXER.jpg 2048w, https:\/\/skincandyfamily.fi\/wp-content\/uploads\/2024\/06\/2019-07-09_Candying-pastes-SC-FIXER-300x300.jpg 300w, https:\/\/skincandyfamily.fi\/wp-content\/uploads\/2024\/06\/2019-07-09_Candying-pastes-SC-FIXER-1024x1024.jpg 1024w, https:\/\/skincandyfamily.fi\/wp-content\/uploads\/2024\/06\/2019-07-09_Candying-pastes-SC-FIXER-150x150.jpg 150w, https:\/\/skincandyfamily.fi\/wp-content\/uploads\/2024\/06\/2019-07-09_Candying-pastes-SC-FIXER-768x768.jpg 768w, https:\/\/skincandyfamily.fi\/wp-content\/uploads\/2024\/06\/2019-07-09_Candying-pastes-SC-FIXER-1536x1536.jpg 1536w, https:\/\/skincandyfamily.fi\/wp-content\/uploads\/2024\/06\/2019-07-09_Candying-pastes-SC-FIXER-12x12.jpg 12w, https:\/\/skincandyfamily.fi\/wp-content\/uploads\/2024\/06\/2019-07-09_Candying-pastes-SC-FIXER-200x200.jpg 200w\" sizes=\"(max-width: 2048px) 100vw, 2048px\"  data-dt-location=\"https:\/\/skincandyfamily.fi\/fi\/xylitol-2\/2019-07-09_candying-pastes-sc-fixer\/\" \/><\/div>\n\t\t<\/figure>\n\t<\/div>\n<\/div><\/div><\/div><\/div>\n<\/div>","protected":false},"excerpt":{"rendered":"<p>Xylitol\u00a0Enhanced Pastes According to extensive research\u00a0Xylitol\u00a0has numerous health benefits.\u00a0Xylitol\u00a0is antibacterial, antiviral and antifungal (fights against candida, yeast &amp; others) properties. It&#8217;s also alkalizing which therefore helps to maintain body pH. By adding\u00a0Xylitol\u00a0to all our Scandinavian\u00a0Skin Candy\u00a0treatment pastes, hair removal is much easier than ever before, with less redness or irritation of your skin than with&hellip;<\/p>","protected":false},"author":7,"featured_media":0,"parent":0,"menu_order":0,"comment_status":"closed","ping_status":"closed","template":"","meta":{"_monsterinsights_skip_tracking":false,"_monsterinsights_sitenote_active":false,"_monsterinsights_sitenote_note":"","_monsterinsights_sitenote_category":0,"footnotes":""},"class_list":["post-66239","page","type-page","status-publish","hentry","description-off"],"_links":{"self":[{"href":"https:\/\/skincandyfamily.fi\/fi\/wp-json\/wp\/v2\/pages\/66239"}],"collection":[{"href":"https:\/\/skincandyfamily.fi\/fi\/wp-json\/wp\/v2\/pages"}],"about":[{"href":"https:\/\/skincandyfamily.fi\/fi\/wp-json\/wp\/v2\/types\/page"}],"author":[{"embeddable":true,"href":"https:\/\/skincandyfamily.fi\/fi\/wp-json\/wp\/v2\/users\/7"}],"replies":[{"embeddable":true,"href":"https:\/\/skincandyfamily.fi\/fi\/wp-json\/wp\/v2\/comments?post=66239"}],"version-history":[{"count":0,"href":"https:\/\/skincandyfamily.fi\/fi\/wp-json\/wp\/v2\/pages\/66239\/revisions"}],"wp:attachment":[{"href":"https:\/\/skincandyfamily.fi\/fi\/wp-json\/wp\/v2\/media?parent=66239"}],"curies":[{"name":"wp","href":"https:\/\/api.w.org\/{rel}","templated":true}]}}