{"id":67172,"date":"2019-10-03T12:12:30","date_gmt":"2019-10-03T09:12:30","guid":{"rendered":"https:\/\/skincandyfamily.fi\/?page_id=67172"},"modified":"2024-06-06T08:43:12","modified_gmt":"2024-06-06T05:43:12","slug":"terms-conditions","status":"publish","type":"page","link":"https:\/\/skincandyfamily.fi\/fi\/terms-conditions\/","title":{"rendered":"k\u00e4ytt\u00f6ehdot"},"content":{"rendered":"<h3>Toimitusehdot<\/h3>\n<p><strong>Toimitus onnistuu vain Suomen sis\u00e4ll\u00e4. <\/strong><\/p>\n<p>Tilatut tuotteet l\u00e4hetet\u00e4\u00e4n toimitettavaksi tilausp\u00e4iv\u00e4n\u00e4 tai viimeist\u00e4\u00e4n seuraavana arkip\u00e4iv\u00e4n\u00e4. Toimitusmaksu m\u00e4\u00e4r\u00e4ytyy toimitustavan mukaan.<\/p>\n<p><strong>Matkahuollon Noutopaketti 6,90 \u20ac<\/strong><br \/>\nVoit valita viidest\u00e4 vaihtoehdosta sinulle sopivan noutopisteen. Vaihtoehdot m\u00e4\u00e4r\u00e4ytyv\u00e4t antamasi toimitusosoitteen perusteella. Saat tekstiviestin matkapuhelimeesi, kun paketti on valmis noudettavaksi. Paketteja s\u00e4ilytet\u00e4\u00e4n noutopisteiss\u00e4 2 viikkoa, jonka j\u00e4lkeen ne palautetaan meille.<\/p>\n<p><strong>Matkahuollon Yrityspaketti 9,90 \u20ac<\/strong><\/p>\n<p>Paketti toimitetaan suoraan antamaasi osoitteeseen arkisin klo 8-16. Matkahuolto soittaa antamaasi puhelinnumeroon ennen toimitusta.<\/p>\n<h3>Vaihto- ja palautusk\u00e4yt\u00e4nt\u00f6<\/h3>\n<p>Tilaamillasi tuotteilla on 14 p\u00e4iv\u00e4n vaihto- ja palautusoikeus. Palautusoikeus koskee vain alkuper\u00e4ispakkauksessaan olevia, k\u00e4ytt\u00e4m\u00e4tt\u00f6mi\u00e4, avaamattomia ja uusia, myyntikuntoisia tuotteita. Jos tuote tai sen pakkaus on likainen, viallinen tai muutoin myyntikelvottomaksi, korvaus k\u00e4sitell\u00e4\u00e4n tapauskohtaisesti, enint\u00e4\u00e4n 50% myyntihinnasta. Mahdolliset ylim\u00e4\u00e4r\u00e4iset maksut palautetaan suoraan pankkitilillesi. L\u00e4hetyksen mukana saat palautusta varten tarvittavat tiedot. Sinun tulee ilmoittaa meille palautuksesta 14 p\u00e4iv\u00e4n kuluessa l\u00e4hetyksen vastaanottamisesta. Voit ilmoittaa palautuksesta s\u00e4hk\u00f6postitse osoitteeseen <a href=\"mailto:hei@skincandyfamily.fi\" target=\"_new\" rel=\"noopener\">hei@skincandyfamily.fi<\/a>. Ilmoituksen j\u00e4lkeen sinulla on 14 p\u00e4iv\u00e4\u00e4 aikaa palauttaa l\u00e4hetys.<\/p>\n<h3>Maksutavat<\/h3>\n<p>Verkkopankki: Nordea, Osuuspankki, DanskeBank, Tapiola, S-Pankki, Aktia, S\u00e4\u00e4st\u00f6pankki, \u00c5landsbanken sek\u00e4 Handelsbanken.<\/p>\n<p>Kun valitset maksutietosivulta vaihtoehdon Verkkopankki (PayTrail), sinut ohjataan palveluun, jossa voit valita sopivimman maksutavan k\u00e4ytett\u00e4viss\u00e4 olevista vaihtoehdoista. Maksun j\u00e4lkeen sinut ohjataan takaisin verkkokauppaan ja saat s\u00e4hk\u00f6postiisi maksuvahvistuksen.<\/p>\n<h3>Noutolasku\/Osamaksu<\/h3>\n<p>Noutolasku\/Osamaksupalvelulla voit maksaa ostoksesi jopa 2000 \u20ac asti. Collector Invoice antaa sinulle korottoman* maksuajan v\u00e4hint\u00e4\u00e4n 30 p\u00e4iv\u00e4\u00e4 ja jopa 60 p\u00e4iv\u00e4\u00e4. (*Maksuaikakorko on 0%, ja ensimm\u00e4iseen laskuun lis\u00e4t\u00e4\u00e4n laskutusmaksu 2,95 \u20ac.) Voit maksaa laskun koko summan er\u00e4p\u00e4iv\u00e4n\u00e4 tai halutessasi valita 1-36 kuukauden osamaksut . Osamaksu alkaa automaattisesti laskussa mainitun v\u00e4himm\u00e4islyhennyssumman maksamisen j\u00e4lkeen. Halutessasi voit maksaa suuremmat er\u00e4t tai maksaa koko j\u00e4ljell\u00e4 olevan summan kerralla. Osamaksun kuukausikorko on 1,61 TP3T, mik\u00e4 vastaa vuotuista nimelliskorkoa 19,201 TP3T. Laskuun lis\u00e4t\u00e4\u00e4n kuukausittainen tilinhoitomaksu 2,95 \u20ac, jolloin laskennallinen vuosikorko on 21,31 TP3T 1000 \u20ac ostosta.<\/p>\n<p>Kun valitset Noutolasku\/Osamaksu, saat tilaamasi tuotteet kotiin ennen maksua. T\u00e4m\u00e4 lis\u00e4\u00e4 joustavuutta ja turvallisuutta vaihdon ja palautuksen k\u00e4sittelyyn. Noutolaskua\/Osamaksua voivat k\u00e4ytt\u00e4\u00e4 v\u00e4hint\u00e4\u00e4n 20-vuotiaat ja hyv\u00e4 luottohistoria omaavat henkil\u00f6t. Suoritamme luottotarkastuksen tilauksen yhteydess\u00e4. My\u00f6h\u00e4styneist\u00e4 maksuista ja maksamattomista laskuista perit\u00e4\u00e4n viiv\u00e4stysajalta 5 \u20ac muistutusmaksu ja 1,6% kuukausikorko.<\/p>\n<p>L\u00f6yd\u00e4t t\u00e4ydelliset ker\u00e4ilylasku-\/osamaksuehdot seuraavista linkeist\u00e4:<\/p>\n<p>Tarkka palvelukuvaus: https:\/\/www.collector.fi\/henkiloasiakkaat\/maksa-laskulla\/<br \/>\nYleiset lasku- ja luottoehdot: https:\/\/www.collector.se\/upload\/Partners\/Agreements\/SVM\/Credit_terms_FI.pdf<br \/>\nTavalliset eurooppalaiset kulutusluottotiedot: https:\/\/www.collector.se\/upload\/Partners\/Agreements\/SVM\/SECCI_FI.pdf<\/p>\n<div class=\"group w-full text-token-text-primary border-b border-black\/10 dark:border-gray-900\/50 bg-gray-50 dark:bg-[#444654]\" data-testid=\"conversation-turn-71\">\n<div class=\"p-4 justify-center text-base md:gap-6 md:py-6 m-auto\">\n<div class=\"flex flex-1 gap-4 text-base mx-auto md:gap-6 md:max-w-2xl lg:max-w-[38rem] xl:max-w-3xl }\">\n<div class=\"relative flex w-[calc(100%-50px)] flex-col gap-1 md:gap-3 lg:w-[calc(100%-115px)]\">\n<div class=\"flex flex-grow flex-col gap-3 max-w-full\">\n<div class=\"min-h-[20px] flex flex-col items-start gap-3 overflow-x-auto whitespace-pre-wrap break-words\">\n<div class=\"markdown prose w-full break-words dark:prose-invert light\">\n<p>Luotonantaja on Collector Bank AB.<\/p>\n<\/div>\n<\/div>\n<\/div>\n<\/div>\n<\/div>\n<\/div>\n<\/div>\n<div id=\"ritekit-alerts\"><\/div>","protected":false},"excerpt":{"rendered":"<p>Delivery Terms Delivery is possible only within Finland. Ordered products will be dispatched for delivery on the order date or at the latest on the next business day. The delivery fee is determined according to the delivery method. Matkahuolto Pick-up Parcel 6,90 \u20ac You can choose from five options the pick-up point that suits you.&hellip;<\/p>","protected":false},"author":7,"featured_media":0,"parent":0,"menu_order":0,"comment_status":"closed","ping_status":"closed","template":"","meta":{"_monsterinsights_skip_tracking":false,"_monsterinsights_sitenote_active":false,"_monsterinsights_sitenote_note":"","_monsterinsights_sitenote_category":0,"footnotes":""},"class_list":["post-67172","page","type-page","status-publish","hentry","description-off"],"_links":{"self":[{"href":"https:\/\/skincandyfamily.fi\/fi\/wp-json\/wp\/v2\/pages\/67172"}],"collection":[{"href":"https:\/\/skincandyfamily.fi\/fi\/wp-json\/wp\/v2\/pages"}],"about":[{"href":"https:\/\/skincandyfamily.fi\/fi\/wp-json\/wp\/v2\/types\/page"}],"author":[{"embeddable":true,"href":"https:\/\/skincandyfamily.fi\/fi\/wp-json\/wp\/v2\/users\/7"}],"replies":[{"embeddable":true,"href":"https:\/\/skincandyfamily.fi\/fi\/wp-json\/wp\/v2\/comments?post=67172"}],"version-history":[{"count":0,"href":"https:\/\/skincandyfamily.fi\/fi\/wp-json\/wp\/v2\/pages\/67172\/revisions"}],"wp:attachment":[{"href":"https:\/\/skincandyfamily.fi\/fi\/wp-json\/wp\/v2\/media?parent=67172"}],"curies":[{"name":"wp","href":"https:\/\/api.w.org\/{rel}","templated":true}]}}