{"id":67311,"date":"2019-10-08T10:34:51","date_gmt":"2019-10-08T07:34:51","guid":{"rendered":"https:\/\/skincandyfamily.fi\/?page_id=67311"},"modified":"2019-10-08T10:34:53","modified_gmt":"2019-10-08T07:34:53","slug":"privacy","status":"publish","type":"page","link":"https:\/\/skincandyfamily.fi\/fi\/privacy\/","title":{"rendered":"Yksityisyys"},"content":{"rendered":"<p><strong>Henkil\u00f6tietojen k\u00e4sittelyn tarkoitus<\/strong><\/p><p>Rekisterin k\u00e4ytt\u00f6tarkoitus on\u00a0<a href=\"https:\/\/skincandyfamily.fi\/fi\/\">skincandyfamily.fi<\/a>\u00a0Rekister\u00f6idyin yll\u00e4pit\u00e4minen sek\u00e4 asiakas tilausten arkistointi, k\u00e4sittely ja asiakassuhteiden hoitaminen. voidaan k\u00e4ytt\u00e4\u00e4 toiminnan kehitt\u00e4miseen,tilallisuuteen liittyv\u00e4\u00e4, mainontaan ja markkinointiin. Henkil\u00f6tietoja henkil\u00f6tietolain sallimissa ja turvamiss\u00e4 rajoissa. Rekisterin tietoja ei luovuteta ulkopuolisille.\u00a0<a href=\"https:\/\/skincandyfamily.fi\/fi\/\">Skincandyfamily.fi<\/a>\u00a0pyyt\u00e4\u00e4 k\u00e4ytt\u00e4\u00e4 asiakassuhteen yll\u00e4pit\u00e4miseen yhteisty\u00f6kumppaneita. Osarekisteriedoista saa siirt\u00e4\u00e4 yhteisty\u00f6kumppanin palvelimille teknisten perusteella. Tietoja koskevat vain\u00a0<a href=\"https:\/\/skincandyfamily.fi\/fi\/\">skincandyfamily.fi<\/a>\u00a0asiakassuhteen yll\u00e4pit\u00e4miseen teknisten rajapintojen kautta.<\/p><p><strong>Rekisterin tietosis\u00e4lt\u00f6<\/strong><\/p><p>Henkil\u00f6rekisteri sis\u00e4lt\u00e4\u00e4 tietoja:<\/p><p>\u2013 Henkil\u00f6n etu- ja sukunimi<\/p><p>\u2013 L\u00e4hiosoite, sek\u00e4 postitoimipaikka<\/p><p>\u2013 S\u00e4hk\u00f6postiosoite<\/p><p>\u2013 Puhelinnumero<\/p><p>\u2013 Tilaushistoria\u00a0<\/p><p><strong>S\u00e4\u00e4nn\u00f6nmukaiset tietol\u00e4hteet<\/strong><br>Asiakkaan rekister\u00f6ityess\u00e4 tai tilatessa antamat tiedot verkkokaupassa.\u00a0<strong>Tietojen s\u00e4\u00e4nn\u00f6nmukaiset luovutukset<\/strong>Asiakasrekisterin tiedot ovat vain\u00a0<a href=\"https:\/\/skincandyfamily.fi\/fi\/\">skincandyfamily.fi<\/a>\u00a0verkkokaupan k\u00e4yt\u00f6ss\u00e4, k\u00e4ytt\u00e4ess\u00e4 ulkoista palveluntarjoajaa joko lis\u00e4arvopalvelun tuottamiseen tai luottop\u00e4\u00e4t\u00f6ksen tueksi. Tietoja ei luovuteta\u00a0<a href=\"http:\/\/iloisetvarpaat.fi\/\">Iloisetvarpaat.fi<\/a>\u00a0kannattaa tai sen k\u00e4ytt\u00f6\u00f6n, paitsi luottohakemukseen, perint\u00e4\u00e4n tai laskuun omassa asiaissa sek\u00e4 mukana velvoittaessa.<\/p><p><strong>Tietojen s\u00e4\u00e4nn\u00f6nmukaiset luovutukset<\/strong>Henkil\u00f6tietoja ei siirret\u00e4 Euroopan Unionin suoraan.<\/p><p><strong>Rekisterin suojauksen periaatteet<\/strong><\/p><p>Rekisteri\u00e4 ei luovuteta sivullisille. Rekister\u00f6innin k\u00e4ytt\u00f6oikeus\u00a0<a href=\"https:\/\/skincandyfamily.fi\/fi\/\">skincandyfamily.fi<\/a>\u00a0sis\u00e4isen verkon k\u00e4ytt\u00e4j\u00e4oikeuksia. Rekisteri sijaitsee\u00a0<a href=\"https:\/\/skincandyfamily.fi\/fi\/\">skincandyfamily.fi<\/a>\u00a0salasanasuojatulla palvelimella.<\/p>","protected":false},"excerpt":{"rendered":"<p>Henkil\u00f6tietojen k\u00e4sittelyn tarkoitus Rekisterin k\u00e4ytt\u00f6tarkoitus on\u00a0skincandyfamily.fi\u00a0asiakasrekisterin yll\u00e4pit\u00e4minen sek\u00e4 asiakkaiden tilausten arkistointi, k\u00e4sittely ja asiakassuhteiden hoitaminen. Tietoja voidaan k\u00e4ytt\u00e4\u00e4 toiminnan kehitt\u00e4miseen, tilastollisiin tarkoituksiin, mainontaan ja markkinointiin. Henkil\u00f6tietoja k\u00e4sitell\u00e4\u00e4n henkil\u00f6tietolain sallimissa ja edellytt\u00e4miss\u00e4 rajoissa. Rekisterin tietoja ei luovuteta ulkopuolisille.\u00a0Skincandyfamily.fi\u00a0saattaa k\u00e4ytt\u00e4\u00e4 asiakassuhteen yll\u00e4pit\u00e4miseen yhteisty\u00f6kumppaneita. Osa rekisteritiedoista saatetaan siirt\u00e4\u00e4 yhteisty\u00f6kumppanin palvelimille teknisten vaatimusten vuoksi. Tietoja k\u00e4sitell\u00e4\u00e4n ainoastaan\u00a0skincandyfamily.fi\u00a0asiakassuhteen yll\u00e4pit\u00e4miseen teknisten&hellip;<\/p>","protected":false},"author":9,"featured_media":0,"parent":0,"menu_order":0,"comment_status":"closed","ping_status":"closed","template":"","meta":{"_monsterinsights_skip_tracking":false,"_monsterinsights_sitenote_active":false,"_monsterinsights_sitenote_note":"","_monsterinsights_sitenote_category":0,"footnotes":""},"class_list":["post-67311","page","type-page","status-publish","hentry","description-off"],"_links":{"self":[{"href":"https:\/\/skincandyfamily.fi\/fi\/wp-json\/wp\/v2\/pages\/67311"}],"collection":[{"href":"https:\/\/skincandyfamily.fi\/fi\/wp-json\/wp\/v2\/pages"}],"about":[{"href":"https:\/\/skincandyfamily.fi\/fi\/wp-json\/wp\/v2\/types\/page"}],"author":[{"embeddable":true,"href":"https:\/\/skincandyfamily.fi\/fi\/wp-json\/wp\/v2\/users\/9"}],"replies":[{"embeddable":true,"href":"https:\/\/skincandyfamily.fi\/fi\/wp-json\/wp\/v2\/comments?post=67311"}],"version-history":[{"count":0,"href":"https:\/\/skincandyfamily.fi\/fi\/wp-json\/wp\/v2\/pages\/67311\/revisions"}],"wp:attachment":[{"href":"https:\/\/skincandyfamily.fi\/fi\/wp-json\/wp\/v2\/media?parent=67311"}],"curies":[{"name":"wp","href":"https:\/\/api.w.org\/{rel}","templated":true}]}}