{"id":71327,"date":"2023-07-17T16:01:29","date_gmt":"2023-07-17T13:01:29","guid":{"rendered":"https:\/\/skincandyfamily.fi\/register\/"},"modified":"2023-07-17T16:01:29","modified_gmt":"2023-07-17T13:01:29","slug":"register","status":"publish","type":"page","link":"https:\/\/skincandyfamily.fi\/fi\/register\/","title":{"rendered":"Rekister\u00f6idy"},"content":{"rendered":"<h3 class=\"rcp_header\">\n\tRekister\u00f6i uusi tili<\/h3>\n\n\n<form id=\"rcp_registration_form\" class=\"rcp_form\" method=\"POST\" action=\"https:\/\/skincandyfamily.fi\/fi\/wp-json\/wp\/v2\/pages\/71327\/\" data-trp-original-action=\"https:\/\/skincandyfamily.fi\/fi\/wp-json\/wp\/v2\/pages\/71327\/\">\n\n\t\n\t\t\t<div class=\"rcp_login_link\">\n\t\t\t<p><a href=\"https:\/\/skincandyfamily.fi\/wp-login.php?redirect_to=https%3A%2F%2Fskincandyfamily.fi%2Ffi%2Fwp-json%2Fwp%2Fv2%2Fpages%2F71327%2F\">Log in<\/a> to renew or change an existing membership.<\/p>\n\t\t<\/div>\n\n\t\t\n\t\t<fieldset class=\"rcp_user_fieldset\">\n\t\t\t<p id=\"rcp_user_login_wrap\">\n\t\t\t\t<label for=\"rcp_user_login\">K\u00e4ytt\u00e4j\u00e4tunnus<\/label>\n\t\t\t\t<input name=\"rcp_user_login\" id=\"rcp_user_login\" class=\"required\" type=\"text\" \/>\n\t\t\t<\/p>\n\t\t\t<p id=\"rcp_user_email_wrap\">\n\t\t\t\t<label for=\"rcp_user_email\">S\u00e4hk\u00f6posti<\/label>\n\t\t\t\t<input name=\"rcp_user_email\" id=\"rcp_user_email\" class=\"required\" type=\"text\" \/>\n\t\t\t<\/p>\n\t\t\t<p id=\"rcp_user_first_wrap\" class=\"inline\">\n\t\t\t\t<label for=\"rcp_user_first\">Etunimi<\/label>\n\t\t\t\t<input name=\"rcp_user_first\" id=\"rcp_user_first\" type=\"text\" \/>\n\t\t\t<\/p>\n\t\t\t<p id=\"rcp_user_last_wrap\" class=\"inline-block\">\n\t\t\t\t<label for=\"rcp_user_last\">Sukunimi<\/label>\n\t\t\t\t<input name=\"rcp_user_last\" id=\"rcp_user_last\" type=\"text\" \/>\n\t\t\t<\/p>\n\t\t\t<p id=\"rcp_password_wrap\" class=\"inline\">\n\t\t\t\t<label for=\"rcp_password\">Salasana<\/label>\n\t\t\t\t<input name=\"rcp_user_pass\" id=\"rcp_password\" class=\"required\" type=\"password\"\/>\n\t\t\t<\/p>\n\t\t\t<p id=\"rcp_password_again_wrap\" class=\"inline-block\">\n\t\t\t\t<label for=\"rcp_password_again\">Salasana uudelleen<\/label>\n\t\t\t\t<input name=\"rcp_user_pass_confirm\" id=\"rcp_password_again\" class=\"required\" type=\"password\"\/>\n\t\t\t<\/p>\n\n\t\t\t\n\t\t<\/fieldset>\n\t\n\t\n\t\t\t\t<fieldset class=\"rcp_subscription_fieldset\">\n\t\t\t\t\t<p><strong>You have not created any membership levels yet<\/strong><\/p>\n\t\t\t\t<\/fieldset>\n\t\t<div class=\"rcp_registration_total\"><\/div>\n\t\t\t<div class=\"rcp_gateway_fields\">\n\t\t\t\t\t\t\t\t\t\t\t\t<\/div>\n\t\n\t\n\t\n\t\t\t<p id=\"rcp_auto_renew_wrap\">\n\t\t\t<input name=\"rcp_auto_renew\" id=\"rcp_auto_renew\" type=\"checkbox\" \/>\n\t\t\t<label for=\"rcp_auto_renew\">Automaattinen uusiminen<\/label>\n\t\t<\/p>\n\t\t<input type=\"hidden\" id=\"rcp-registration-type\" name=\"registration_type\" value=\"\" \/>\n\t<input type=\"hidden\" id=\"rcp-membership-id\" name=\"membership_id\" value=\"0\" \/>\n\t<input type=\"hidden\" id=\"rcp-payment-id\" name=\"rcp_registration_payment_id\" value=\"0\" \/>\n\t\n\t\n\t<p id=\"rcp_submit_wrap\">\n\t\t\t\t<input type=\"hidden\" name=\"rcp_register_nonce\" value=\"4c72819aa7\"\/>\n\t\t<input type=\"submit\" name=\"rcp_submit_registration\" id=\"rcp_submit\" class=\"rcp-button\" value=\"Rekister\u00f6idy\"\/>\n\t<\/p>\n<input type=\"hidden\" name=\"trp-form-language\" value=\"fi\"\/><\/form>","protected":false},"excerpt":{"rendered":"<p>Rekister\u00f6i uusi tili Log in to renew or change an existing membership. K\u00e4ytt\u00e4j\u00e4tunnus S\u00e4hk\u00f6posti Etunimi Sukunimi Salasana Salasana uudelleen You have not created any membership levels yet Automaattinen uusiminen<\/p>","protected":false},"author":9,"featured_media":0,"parent":0,"menu_order":0,"comment_status":"closed","ping_status":"closed","template":"","meta":{"_monsterinsights_skip_tracking":false,"_monsterinsights_sitenote_active":false,"_monsterinsights_sitenote_note":"","_monsterinsights_sitenote_category":0,"footnotes":""},"class_list":["post-71327","page","type-page","status-publish","hentry","description-off"],"_links":{"self":[{"href":"https:\/\/skincandyfamily.fi\/fi\/wp-json\/wp\/v2\/pages\/71327"}],"collection":[{"href":"https:\/\/skincandyfamily.fi\/fi\/wp-json\/wp\/v2\/pages"}],"about":[{"href":"https:\/\/skincandyfamily.fi\/fi\/wp-json\/wp\/v2\/types\/page"}],"author":[{"embeddable":true,"href":"https:\/\/skincandyfamily.fi\/fi\/wp-json\/wp\/v2\/users\/9"}],"replies":[{"embeddable":true,"href":"https:\/\/skincandyfamily.fi\/fi\/wp-json\/wp\/v2\/comments?post=71327"}],"version-history":[{"count":0,"href":"https:\/\/skincandyfamily.fi\/fi\/wp-json\/wp\/v2\/pages\/71327\/revisions"}],"wp:attachment":[{"href":"https:\/\/skincandyfamily.fi\/fi\/wp-json\/wp\/v2\/media?parent=71327"}],"curies":[{"name":"wp","href":"https:\/\/api.w.org\/{rel}","templated":true}]}}