{"id":66693,"date":"2019-04-08T15:49:46","date_gmt":"2019-04-08T12:49:46","guid":{"rendered":"https:\/\/skincandyfamily.fi\/product\/import-placeholder-for-66662\/"},"modified":"2026-01-21T09:58:29","modified_gmt":"2026-01-21T07:58:29","slug":"fresh-kiss-mist","status":"publish","type":"product","link":"https:\/\/skincandyfamily.fi\/fi\/tuote\/fresh-kiss-mist\/","title":{"rendered":"Fresh Kiss Mist"},"content":{"rendered":"<p>Tasapainottava ja rauhoittava kasvovesi. Sis\u00e4lt\u00e4\u00e4 Xylitolia, joka puhdistaa, kosteuttaa sek\u00e4 rauhoittaa ihoa.<\/p>\n<p>Vinkki! Suihkauta meikin p\u00e4\u00e4lle p\u00e4iv\u00e4n aikana, kun kasvot kaipaavat lis\u00e4hehkua.<\/p>\n<p>Koko: 250 ml<\/p>\n<p>&nbsp;<\/p>\n<p><strong>INCI:<\/strong> Aqua (Water), Propanediol, Glycerin, Hippopha\u00eb Rhamnoides Fruit Extract, Avena Sativa Kernel Extract, Polyglyceryl-4 Laurate\/Sebacate, Polyglyceryl-6 Caprylate\/Caprate, Ethyl Lauroyl Arginate HCl, Xylitylglucoside, Anhydroxylitol, Xylitol, Sodium Benzoate, Potassium Sorbate, Fragrance (Parfum), Citric Acid.<\/p>","protected":false},"excerpt":{"rendered":"<p>Lempe\u00e4n sitruunan tuoksuinen puhdistava ja kosteuttava kasvovesi normaalille ja rasvoittuvalle\/ sekaiholle - i\u00e4st\u00e4 riippumatta!<\/p>\n<p>99 % luonnollisia ainesosia.<\/p>\n<p>&nbsp;<\/p>","protected":false},"featured_media":66714,"template":"","meta":{"_monsterinsights_skip_tracking":false,"_monsterinsights_sitenote_active":false,"_monsterinsights_sitenote_note":"","_monsterinsights_sitenote_category":0},"product_brand":[],"product_cat":[604],"product_tag":[],"class_list":{"0":"post-66693","1":"product","2":"type-product","3":"status-publish","4":"has-post-thumbnail","6":"product_cat-face-care","7":"description-off","9":"first","10":"instock","11":"taxable","12":"shipping-taxable","13":"purchasable","14":"product-type-simple"},"_links":{"self":[{"href":"https:\/\/skincandyfamily.fi\/fi\/wp-json\/wp\/v2\/product\/66693"}],"collection":[{"href":"https:\/\/skincandyfamily.fi\/fi\/wp-json\/wp\/v2\/product"}],"about":[{"href":"https:\/\/skincandyfamily.fi\/fi\/wp-json\/wp\/v2\/types\/product"}],"wp:featuredmedia":[{"embeddable":true,"href":"https:\/\/skincandyfamily.fi\/fi\/wp-json\/wp\/v2\/media\/66714"}],"wp:attachment":[{"href":"https:\/\/skincandyfamily.fi\/fi\/wp-json\/wp\/v2\/media?parent=66693"}],"wp:term":[{"taxonomy":"product_brand","embeddable":true,"href":"https:\/\/skincandyfamily.fi\/fi\/wp-json\/wp\/v2\/product_brand?post=66693"},{"taxonomy":"product_cat","embeddable":true,"href":"https:\/\/skincandyfamily.fi\/fi\/wp-json\/wp\/v2\/product_cat?post=66693"},{"taxonomy":"product_tag","embeddable":true,"href":"https:\/\/skincandyfamily.fi\/fi\/wp-json\/wp\/v2\/product_tag?post=66693"}],"curies":[{"name":"wp","href":"https:\/\/api.w.org\/{rel}","templated":true}]}}