{"id":66695,"date":"2019-04-08T15:49:46","date_gmt":"2019-04-08T12:49:46","guid":{"rendered":"https:\/\/skincandyfamily.fi\/product\/import-placeholder-for-66664\/"},"modified":"2026-01-21T09:57:55","modified_gmt":"2026-01-21T07:57:55","slug":"body-lotion-caramel","status":"publish","type":"product","link":"https:\/\/skincandyfamily.fi\/fi\/tuote\/body-lotion-caramel\/","title":{"rendered":"Body Lotion \u2013 Caramel"},"content":{"rendered":"<p>Hemmottele ihoasi t\u00e4ll\u00e4 huumavan tuoksuisella vartalovoiteella suihkun ja saunan j\u00e4lkeen.\nT\u00e4ytel\u00e4inen voide kosteuttaa ja rauhoittaa kuivaa ihoa, sis\u00e4lt\u00e4\u00e4 ihoa ravitsevia ja pehment\u00e4vi\u00e4 luonnollisia raaka-aineita kuten shea- ja kaakaovoita.\n\nPantenoli ja Xylitoli rauhoittavat iho\u00e4rsytyksi\u00e4 ja kosteuttavat ihon kuivimpiakin kohtia. Erinomainen tuote k\u00e4ytett\u00e4v\u00e4ksi karvanpoiston j\u00e4lkeen. Tuloksena on tasaisempi, pehme\u00e4mpi ja hyv\u00e4lt\u00e4 tuoksuva iho.<br \/>\n99 % luonnollisia ainesosia.<\/p>\n<p>Koko: 250 ml<\/p>\n<p><strong>INCI:<\/strong> Water (Aqua), Propanediol, Caprylic\/Capric Triglyceride, Glycerine, Butyrospermum Parkii (Shea Butter), Cetearyl Alcohol,\u00a0 Theobroma Cacao (Cocoa) Seed Butter, Pentylene Glycol, Vanilla Planifolia Fruit Extract, Glyceryl Citrate\/Lactate\/Linoleate\/Oleate, Xanthan gum, Polyacrylate Crosspolymer-6, Sucrose Distearate, Xylitylglucoside, Anhydroxylitol, Xylitol, Panthenol, Sodium Benzoate, Benzoic Acid, Potassium Sorbate, Parfum (Fragrance).<\/p>","protected":false},"excerpt":{"rendered":"<p>Ihoa pehment\u00e4v\u00e4, Xylitolia sis\u00e4lt\u00e4v\u00e4 voide, joka kosteuttaa ihoa tehokkaasti ja pitk\u00e4vaikutteisesti. Huumaavan herkullinen karamellin tuoksu!<\/p>","protected":false},"featured_media":71477,"template":"","meta":{"_monsterinsights_skip_tracking":false,"_monsterinsights_sitenote_active":false,"_monsterinsights_sitenote_note":"","_monsterinsights_sitenote_category":0},"product_brand":[],"product_cat":[581,614],"product_tag":[],"class_list":{"0":"post-66695","1":"product","2":"type-product","3":"status-publish","4":"has-post-thumbnail","6":"product_cat-lotions","7":"product_cat-gifts","8":"product_shipping_class-small-items","9":"description-off","11":"first","12":"instock","13":"taxable","14":"shipping-taxable","15":"purchasable","16":"product-type-simple"},"_links":{"self":[{"href":"https:\/\/skincandyfamily.fi\/fi\/wp-json\/wp\/v2\/product\/66695"}],"collection":[{"href":"https:\/\/skincandyfamily.fi\/fi\/wp-json\/wp\/v2\/product"}],"about":[{"href":"https:\/\/skincandyfamily.fi\/fi\/wp-json\/wp\/v2\/types\/product"}],"wp:featuredmedia":[{"embeddable":true,"href":"https:\/\/skincandyfamily.fi\/fi\/wp-json\/wp\/v2\/media\/71477"}],"wp:attachment":[{"href":"https:\/\/skincandyfamily.fi\/fi\/wp-json\/wp\/v2\/media?parent=66695"}],"wp:term":[{"taxonomy":"product_brand","embeddable":true,"href":"https:\/\/skincandyfamily.fi\/fi\/wp-json\/wp\/v2\/product_brand?post=66695"},{"taxonomy":"product_cat","embeddable":true,"href":"https:\/\/skincandyfamily.fi\/fi\/wp-json\/wp\/v2\/product_cat?post=66695"},{"taxonomy":"product_tag","embeddable":true,"href":"https:\/\/skincandyfamily.fi\/fi\/wp-json\/wp\/v2\/product_tag?post=66695"}],"curies":[{"name":"wp","href":"https:\/\/api.w.org\/{rel}","templated":true}]}}