{"id":66698,"date":"2019-04-08T15:49:46","date_gmt":"2019-04-08T12:49:46","guid":{"rendered":"https:\/\/skincandyfamily.fi\/product\/import-placeholder-for-66672\/"},"modified":"2026-01-21T09:56:34","modified_gmt":"2026-01-21T07:56:34","slug":"diy-kit","status":"publish","type":"product","link":"https:\/\/skincandyfamily.fi\/fi\/tuote\/diy-kit\/","title":{"rendered":"DIY Kit"},"content":{"rendered":"<p>Kotona teht\u00e4v\u00e4 karvanpoisto on nyt helppoa liuskatekniikan avulla. Ei iho\u00e4rsytyksi\u00e4 eik\u00e4 s\u00e4nke\u00e4 parissa p\u00e4iv\u00e4ss\u00e4! Skin Candyll\u00e4 ihokarvat poistetaan niiden luonnollisen kasvusuunnan mukaisesti, joka tekee siit\u00e4 hell\u00e4varaisemman kuin esim. vahauksesta. Nauti sile\u00e4st\u00e4 ja pehme\u00e4st\u00e4 ihosta viikkoja! Skin Candy karvanpoisto hoitaa samalla ihoa j\u00e4tt\u00e4en sen sile\u00e4ksi ja pehme\u00e4ksi  kevyen kuorintaefektin ansiosta. Karvanpoistomassa sis\u00e4lt\u00e4\u00e4 Xylitolia, joka kosteuttaa ihoa tehokkaasti. \nSkin Candy j\u00e4tt\u00e4\u00e4 ihon sile\u00e4ksi ja  sametinpehme\u00e4ksi. Diy-Kitin tuotteita voidaan k\u00e4ytt\u00e4\u00e4 koko vartalolle.<\/p>\n<p>Xylitol enhanced product removes unwanted body hair effectively and gives your skin a gentle exfoliation, making your skin velvety smooth and sweet as candy. Did you know that Xylitol is antibacterial, antiviral, and antifungal? Xylitol has numerous health benefits.\u00a0 It is also alkalizing and therefore it helps maintaining body pH.\u00a0 Xylitol is the key ingredient in Skin Candy Candied Skin DIY kit.<\/p>\n<h2>Xylitol on ihonhoidon helmi<\/h2>\n<p>Diy-Kitin karvanpoistomassa ja muut tuotteet sis\u00e4lt\u00e4v\u00e4t Xylitolia, jolla on eritt\u00e4in positiivisia vaikutuksia ihoon. Xylitoli tasapainottaa, kosteuttaa ja rauhoittaa ihoa. T\u00e4st\u00e4 vaikutuksesta hy\u00f6tyv\u00e4t merkitt\u00e4v\u00e4sti atoopikot ja kuivasta ihosta k\u00e4rsiv\u00e4t.<\/p>\n<p>Xylitolin ansiosta my\u00f6s karvanpoisto on paljon helpompaa kuin ennen. Xylitol my\u00f6s v\u00e4hent\u00e4\u00e4 ihon punoitusta ja \u00e4rsytyst\u00e4 tehokkaammin, kuin muut perinteiset massat.<\/p>\n<p>Vahaukseen k\u00e4ytetyt aineet ovat kemiallisesti tuotettuja, yleens\u00e4 petrokemian sivutuotteena syntynytt\u00e4 ainetta, eiv\u00e4tk\u00e4 ne ole hyv\u00e4ksi iholle. H\u00f6yl\u00e4 taas raapii ihoa ja karvat kasvavat takaisin ensin ik\u00e4v\u00e4n\u00e4 s\u00e4nken\u00e4. Skin Candy -karvanpoisto poistaa karvat luonnollisesti ilman ik\u00e4v\u00e4\u00e4 s\u00e4nke\u00e4.<\/p>\n<p>Hoidon loppuvoiteena on hoitava Caramel Cream, joka sis\u00e4lt\u00e4\u00e4 ihoa ravitsevia ja pehment\u00e4vi\u00e4 luonnollisia raaka-aineita kuten shea- ja kaakaovoita. Pantenoli ja Xylitoli rauhoittavat iho\u00e4rsytyksi\u00e4 ja kosteuttavat ihon kuivimpiakin kohtia. Erinomainen tuote k\u00e4ytett\u00e4v\u00e4ksi karvanpoiston j\u00e4lkeen. Tuloksena on tasaisempi, pehme\u00e4mpi ja hyv\u00e4lt\u00e4 tuoksuva iho. 99 % luonnollisia ainesosia.<\/p>\n<p>Rakasta pehme\u00e4\u00e4 ihoasi!<\/p>\n<p><iframe loading=\"lazy\" title=\"Scandinavian Skin Candy Diy Kit esittely\" width=\"1200\" height=\"675\" src=\"https:\/\/www.youtube.com\/embed\/55y4B_vIwzA?feature=oembed&#038;enablejsapi=1&#038;origin=https:\/\/skincandyfamily.fi\" frameborder=\"0\" allow=\"accelerometer; autoplay; clipboard-write; encrypted-media; gyroscope; picture-in-picture; web-share\" allowfullscreen><\/iframe><\/p>\n<p><iframe loading=\"lazy\" title=\"Scandinavian Skin Candy DIY Kit karvanpoisto\" width=\"1200\" height=\"900\" src=\"https:\/\/www.youtube.com\/embed\/ctZl2vq_rUI?feature=oembed&#038;enablejsapi=1&#038;origin=https:\/\/skincandyfamily.fi\" frameborder=\"0\" allow=\"accelerometer; autoplay; clipboard-write; encrypted-media; gyroscope; picture-in-picture; web-share\" allowfullscreen><\/iframe><\/p>","protected":false},"excerpt":{"rendered":"<p>DIY-kit -pakkaus sis\u00e4lt\u00e4\u00e4 kaiken, mit\u00e4 tarvitset kotona luonnolliseen ja vaivattomaan ihokarvojen poistoon.<\/p>","protected":false},"featured_media":71642,"template":"","meta":{"_monsterinsights_skip_tracking":false,"_monsterinsights_sitenote_active":false,"_monsterinsights_sitenote_note":"","_monsterinsights_sitenote_category":0},"product_brand":[],"product_cat":[615,614],"product_tag":[],"class_list":{"0":"post-66698","1":"product","2":"type-product","3":"status-publish","4":"has-post-thumbnail","6":"product_cat-diy-kit","7":"product_cat-gifts","8":"product_shipping_class-small-items","9":"description-off","11":"first","12":"instock","13":"taxable","14":"shipping-taxable","15":"purchasable","16":"product-type-simple"},"_links":{"self":[{"href":"https:\/\/skincandyfamily.fi\/fi\/wp-json\/wp\/v2\/product\/66698"}],"collection":[{"href":"https:\/\/skincandyfamily.fi\/fi\/wp-json\/wp\/v2\/product"}],"about":[{"href":"https:\/\/skincandyfamily.fi\/fi\/wp-json\/wp\/v2\/types\/product"}],"wp:featuredmedia":[{"embeddable":true,"href":"https:\/\/skincandyfamily.fi\/fi\/wp-json\/wp\/v2\/media\/71642"}],"wp:attachment":[{"href":"https:\/\/skincandyfamily.fi\/fi\/wp-json\/wp\/v2\/media?parent=66698"}],"wp:term":[{"taxonomy":"product_brand","embeddable":true,"href":"https:\/\/skincandyfamily.fi\/fi\/wp-json\/wp\/v2\/product_brand?post=66698"},{"taxonomy":"product_cat","embeddable":true,"href":"https:\/\/skincandyfamily.fi\/fi\/wp-json\/wp\/v2\/product_cat?post=66698"},{"taxonomy":"product_tag","embeddable":true,"href":"https:\/\/skincandyfamily.fi\/fi\/wp-json\/wp\/v2\/product_tag?post=66698"}],"curies":[{"name":"wp","href":"https:\/\/api.w.org\/{rel}","templated":true}]}}