{"id":70732,"date":"2020-11-03T14:45:36","date_gmt":"2020-11-03T12:45:36","guid":{"rendered":"https:\/\/skincandyfamily.fi\/?post_type=product&#038;p=70732"},"modified":"2026-01-21T09:55:37","modified_gmt":"2026-01-21T07:55:37","slug":"diy-kit-candy-paste","status":"publish","type":"product","link":"https:\/\/skincandyfamily.fi\/fi\/tuote\/diy-kit-candy-paste\/","title":{"rendered":"DIY-kit Candy Paste"},"content":{"rendered":"<p>Skin Candy -karvanpoistomassa sis\u00e4lt\u00e4\u00e4 Xylitolia, joka hoitaa ihoa ja tuloksena on hell\u00e4sti k\u00e4sitelty, karvaton ja pehme\u00e4ksi kuorittu iho.<\/p>\n<p>Karvanpoistomassan lis\u00e4ksi tarvitse muita DIY-kitin tuotteita parhaan mahdollisen lopputuloksen saavuttamiseksi:<\/p>\n<ul>\n<li><a href=\"https:\/\/skincandyfamily.fi\/fi\/tuote\/diy-kit-cleanser-caramel\/\">Cleanser Caramel<\/a> (puhdistus ennen massan ja Candying Dust levityst\u00e4)<\/li>\n<li><a href=\"https:\/\/skincandyfamily.fi\/fi\/tuote\/diy-kit-dust\/\">Candying Dustia<\/a> (bentonite p\u00f6ly, joka sitoo kosteutta)<\/li>\n<li><a href=\"https:\/\/skincandyfamily.fi\/fi\/tuote\/diy-kit-lotion-caramel\/\">Caramel Lotion<\/a> (rauhoittaa ihoa karvanpoiston j\u00e4lkeen)<\/li>\n<\/ul>\n<p>Huom! Jos k\u00e4yt\u00e4t tuotetta ensimm\u00e4ist\u00e4 kertaa, niin suosittelemme DIY-kit aloituspaketin tilaamista.<\/p>\n<p>K\u00e4ytt\u00f6: K\u00e4ytt\u00f6valmis massa levitet\u00e4\u00e4n iholle spaattelilla vastakarvaan ja poistetaan kuitukangas-liuskalla my\u00f6t\u00e4karvaan. Katso my\u00f6s alta alimmainen video-ohje.<\/p>\n<p>Karvanpoistomassa sopii koko keholle.<\/p>\n<p>Koko: 250g<\/p>\n<p><strong>INCI:<\/strong> Sucrose, Aqua, Xylitol, Acacia Senegal Gum, Citric Acid<\/p>\n<p>&nbsp;<\/p>\n<p><iframe loading=\"lazy\" title=\"Scandinavian Skin Candy Diy Kit esittely\" width=\"1200\" height=\"675\" src=\"https:\/\/www.youtube.com\/embed\/55y4B_vIwzA?feature=oembed&#038;enablejsapi=1&#038;origin=https:\/\/skincandyfamily.fi\" frameborder=\"0\" allow=\"accelerometer; autoplay; clipboard-write; encrypted-media; gyroscope; picture-in-picture; web-share\" referrerpolicy=\"strict-origin-when-cross-origin\" allowfullscreen><\/iframe><\/p>","protected":false},"excerpt":{"rendered":"<p>Skin Candy -karvanpoistossa eli Candyingiss\u00e4 ihokarva poistetaan uniikilla Xylitolia sis\u00e4lt\u00e4v\u00e4ll\u00e4 massalla. Xylitol hoitaa ihoa -tuloksena on hell\u00e4sti k\u00e4sitelty, karvaton ja pehme\u00e4ksi kuorittu iho.<\/p>","protected":false},"featured_media":71488,"template":"","meta":{"_monsterinsights_skip_tracking":false,"_monsterinsights_sitenote_active":false,"_monsterinsights_sitenote_note":"","_monsterinsights_sitenote_category":0},"product_brand":[],"product_cat":[615],"product_tag":[],"class_list":{"0":"post-70732","1":"product","2":"type-product","3":"status-publish","4":"has-post-thumbnail","6":"product_cat-diy-kit","7":"product_shipping_class-small-items","8":"description-off","10":"first","11":"instock","12":"taxable","13":"shipping-taxable","14":"purchasable","15":"product-type-simple"},"_links":{"self":[{"href":"https:\/\/skincandyfamily.fi\/fi\/wp-json\/wp\/v2\/product\/70732"}],"collection":[{"href":"https:\/\/skincandyfamily.fi\/fi\/wp-json\/wp\/v2\/product"}],"about":[{"href":"https:\/\/skincandyfamily.fi\/fi\/wp-json\/wp\/v2\/types\/product"}],"wp:featuredmedia":[{"embeddable":true,"href":"https:\/\/skincandyfamily.fi\/fi\/wp-json\/wp\/v2\/media\/71488"}],"wp:attachment":[{"href":"https:\/\/skincandyfamily.fi\/fi\/wp-json\/wp\/v2\/media?parent=70732"}],"wp:term":[{"taxonomy":"product_brand","embeddable":true,"href":"https:\/\/skincandyfamily.fi\/fi\/wp-json\/wp\/v2\/product_brand?post=70732"},{"taxonomy":"product_cat","embeddable":true,"href":"https:\/\/skincandyfamily.fi\/fi\/wp-json\/wp\/v2\/product_cat?post=70732"},{"taxonomy":"product_tag","embeddable":true,"href":"https:\/\/skincandyfamily.fi\/fi\/wp-json\/wp\/v2\/product_tag?post=70732"}],"curies":[{"name":"wp","href":"https:\/\/api.w.org\/{rel}","templated":true}]}}