{"id":70737,"date":"2020-11-03T15:09:52","date_gmt":"2020-11-03T13:09:52","guid":{"rendered":"https:\/\/skincandyfamily.fi\/?post_type=product&#038;p=70737"},"modified":"2026-01-21T09:54:13","modified_gmt":"2026-01-21T07:54:13","slug":"diy-kit-cleanser-caramel","status":"publish","type":"product","link":"https:\/\/skincandyfamily.fi\/fi\/tuote\/diy-kit-cleanser-caramel\/","title":{"rendered":"DIY-kit Cleanser Caramel"},"content":{"rendered":"<p>Skin Candy DIY-kitin t\u00e4ytt\u00f6\u00e4 varten puhdistusneste 50 ml.<\/p>\n<p>K\u00e4ytt\u00f6: K\u00e4yt\u00e4 tuotetta ennen karvanpoistoa ihoa puhdistavana tuotteena, suihkuta suoraan iholle, levit\u00e4 k\u00e4dell\u00e4 ja anna kuivua. Puhdistuksen j\u00e4lkeen iholle levitet\u00e4\u00e4n dust, jonka j\u00e4lkeen iho on valmis karvanpoistolle.<\/p>\n<p><a href=\"https:\/\/skincandyfamily.fi\/fi\/tuote\/diy-kit\/\">DIY-kit<\/a> pakkauksessa on kaikki tuotteet mit\u00e4 k\u00e4sittelyyn tarvitset sek\u00e4 t\u00e4ydelliset ohjeet.<\/p>\n<p><strong>INCI:<\/strong> Water (Aqua), Propanediol, Glycerin, Polyglyceryl-4 Laurate\/Sebacate, Polyglyceryl-6 Caprylate\/Caprate, Ethyl Lauroyl Arginate HCl, Vanilla Planifolia Fruit Extract, Argania Spinosa (Argan) Kernel Oil, Xylitol, Fragrance (Parfum).<\/p>\n<p><iframe loading=\"lazy\" title=\"Scandinavian Skin Candy Diy Kit esittely\" width=\"1200\" height=\"675\" src=\"https:\/\/www.youtube.com\/embed\/55y4B_vIwzA?feature=oembed&#038;enablejsapi=1&#038;origin=https:\/\/skincandyfamily.fi\" frameborder=\"0\" allow=\"accelerometer; autoplay; clipboard-write; encrypted-media; gyroscope; picture-in-picture; web-share\" allowfullscreen><\/iframe><\/p>","protected":false},"excerpt":{"rendered":"<p>Skin Candy DIY-kitin t\u00e4ytt\u00f6\u00e4 varten puhdistusneste 50 ml. K\u00e4yt\u00e4 tuotetta ennen karvanpoistoa ihoa puhdistavana tuotteena, suihkuta suoraan iholle, levit\u00e4 k\u00e4dell\u00e4 ja anna kuivua. Puhdistuksen j\u00e4lkeen iholle levitet\u00e4\u00e4n dust, jonka j\u00e4lkeen iho on valmis karvanpoistolle.<\/p>","protected":false},"featured_media":70768,"template":"","meta":{"_monsterinsights_skip_tracking":false,"_monsterinsights_sitenote_active":false,"_monsterinsights_sitenote_note":"","_monsterinsights_sitenote_category":0},"product_brand":[],"product_cat":[592,615],"product_tag":[],"class_list":{"0":"post-70737","1":"product","2":"type-product","3":"status-publish","4":"has-post-thumbnail","6":"product_cat-cleansing","7":"product_cat-diy-kit","8":"product_shipping_class-small-items","9":"description-off","11":"first","12":"instock","13":"taxable","14":"shipping-taxable","15":"purchasable","16":"product-type-simple"},"_links":{"self":[{"href":"https:\/\/skincandyfamily.fi\/fi\/wp-json\/wp\/v2\/product\/70737"}],"collection":[{"href":"https:\/\/skincandyfamily.fi\/fi\/wp-json\/wp\/v2\/product"}],"about":[{"href":"https:\/\/skincandyfamily.fi\/fi\/wp-json\/wp\/v2\/types\/product"}],"wp:featuredmedia":[{"embeddable":true,"href":"https:\/\/skincandyfamily.fi\/fi\/wp-json\/wp\/v2\/media\/70768"}],"wp:attachment":[{"href":"https:\/\/skincandyfamily.fi\/fi\/wp-json\/wp\/v2\/media?parent=70737"}],"wp:term":[{"taxonomy":"product_brand","embeddable":true,"href":"https:\/\/skincandyfamily.fi\/fi\/wp-json\/wp\/v2\/product_brand?post=70737"},{"taxonomy":"product_cat","embeddable":true,"href":"https:\/\/skincandyfamily.fi\/fi\/wp-json\/wp\/v2\/product_cat?post=70737"},{"taxonomy":"product_tag","embeddable":true,"href":"https:\/\/skincandyfamily.fi\/fi\/wp-json\/wp\/v2\/product_tag?post=70737"}],"curies":[{"name":"wp","href":"https:\/\/api.w.org\/{rel}","templated":true}]}}