{"id":70742,"date":"2020-11-03T15:30:51","date_gmt":"2020-11-03T13:30:51","guid":{"rendered":"https:\/\/skincandyfamily.fi\/?post_type=product&#038;p=70742"},"modified":"2026-01-21T09:53:22","modified_gmt":"2026-01-21T07:53:22","slug":"diy-kit-lotion-caramel","status":"publish","type":"product","link":"https:\/\/skincandyfamily.fi\/fi\/tuote\/diy-kit-lotion-caramel\/","title":{"rendered":"DIY-kit Lotion Caramel"},"content":{"rendered":"<p>Skin Candyn suosittu Xylitolia sis\u00e4lt\u00e4v\u00e4 vartalovoide my\u00f6s pieness\u00e4 50 ml koossa! Voide sopii k\u00e4ytett\u00e4v\u00e4ksi my\u00f6s rauhoittamaan ihoa karvanpoiston j\u00e4lkeen!<\/p>\n<p>Kosteuttaa ja rauhoittaa kuivaa ihoa tehokkaasti. Atooppiselle iholle my\u00f6s erinomainen.\nShea- ja kaakaovoita sis\u00e4lt\u00e4v\u00e4 kevyt, hyvin imeytyv\u00e4 vartalovoide ravitsee ihoa ja pit\u00e4\u00e4 sen kimmoisana.\nPantenoli ja Xylitoli rauhoittavat iho\u00e4rsytyksi\u00e4 ja kosteuttavat ihoa. Tuloksena on tasaisempi, pehme\u00e4mpi ja hyv\u00e4lt\u00e4 tuoksuva iho.<\/p>\n<p>Hemmottele ihoa huumavalla karamellin tuoksuisella voiteella ja anna tuoksun kietoutua vartaloosi. Voide imeytyy hyvin eik\u00e4 j\u00e4t\u00e4 ihoa tahmeaksi.<\/p>\n<p><a href=\"https:\/\/skincandyfamily.fi\/fi\/tuote\/diy-kit\/\">DIY-kit<\/a> pakkauksessa on kaikki tuotteet mit\u00e4 k\u00e4sittelyyn tarvitset sek\u00e4 t\u00e4ydelliset ohjeet.<\/p>\n<p><strong>INCI:<\/strong> Water (Aqua), Propanediol, Caprylic\/Capric Triglyceride, Glycerine, Hydroxystearyl Alcohol (and) Hydroxystearyl Glucoside, Panthenol, Butyrospermum Parkii (Shea Butter), Xylitylglucoside &amp; Anhydroxylitol &amp; Xylitol, Theobroma Cacao (Cocoa) Seed Butter, Glycerin and Ethyl Lauroyl Arginate HCl, Xanthan gum, Vanilla Planifolia (Vanilla) Oleoresin, Parfum (Fragrance)<\/p>\n<p><iframe loading=\"lazy\" title=\"Scandinavian Skin Candy Diy Kit esittely\" width=\"1200\" height=\"675\" src=\"https:\/\/www.youtube.com\/embed\/55y4B_vIwzA?feature=oembed&#038;enablejsapi=1&#038;origin=https:\/\/skincandyfamily.fi\" frameborder=\"0\" allow=\"accelerometer; autoplay; clipboard-write; encrypted-media; gyroscope; picture-in-picture; web-share\" allowfullscreen><\/iframe><\/p>\n<p><iframe loading=\"lazy\" title=\"Scandinavian Skin Candy DIY Kit karvanpoisto\" width=\"1200\" height=\"900\" src=\"https:\/\/www.youtube.com\/embed\/ctZl2vq_rUI?feature=oembed&#038;enablejsapi=1&#038;origin=https:\/\/skincandyfamily.fi\" frameborder=\"0\" allow=\"accelerometer; autoplay; clipboard-write; encrypted-media; gyroscope; picture-in-picture; web-share\" allowfullscreen><\/iframe><\/p>","protected":false},"excerpt":{"rendered":"<p>Skin Candyn suosittu Xylitolia sis\u00e4lt\u00e4v\u00e4 vartalovoide my\u00f6s pieness\u00e4 50 ml koossa! Voide sopii k\u00e4ytett\u00e4v\u00e4ksi my\u00f6s rauhoittamaan ihoa karvanpoiston j\u00e4lkeen! Kosteuttaa ja rauhoitta kuivaa ihoa tehokkaasti. Atooppiselle iholle my\u00f6s erinomainen<\/p>","protected":false},"featured_media":70781,"template":"","meta":{"_monsterinsights_skip_tracking":false,"_monsterinsights_sitenote_active":false,"_monsterinsights_sitenote_note":"","_monsterinsights_sitenote_category":0},"product_brand":[],"product_cat":[581,615],"product_tag":[],"class_list":{"0":"post-70742","1":"product","2":"type-product","3":"status-publish","4":"has-post-thumbnail","6":"product_cat-lotions","7":"product_cat-diy-kit","8":"product_shipping_class-small-items","9":"description-off","11":"first","12":"instock","13":"taxable","14":"shipping-taxable","15":"purchasable","16":"product-type-simple"},"_links":{"self":[{"href":"https:\/\/skincandyfamily.fi\/fi\/wp-json\/wp\/v2\/product\/70742"}],"collection":[{"href":"https:\/\/skincandyfamily.fi\/fi\/wp-json\/wp\/v2\/product"}],"about":[{"href":"https:\/\/skincandyfamily.fi\/fi\/wp-json\/wp\/v2\/types\/product"}],"wp:featuredmedia":[{"embeddable":true,"href":"https:\/\/skincandyfamily.fi\/fi\/wp-json\/wp\/v2\/media\/70781"}],"wp:attachment":[{"href":"https:\/\/skincandyfamily.fi\/fi\/wp-json\/wp\/v2\/media?parent=70742"}],"wp:term":[{"taxonomy":"product_brand","embeddable":true,"href":"https:\/\/skincandyfamily.fi\/fi\/wp-json\/wp\/v2\/product_brand?post=70742"},{"taxonomy":"product_cat","embeddable":true,"href":"https:\/\/skincandyfamily.fi\/fi\/wp-json\/wp\/v2\/product_cat?post=70742"},{"taxonomy":"product_tag","embeddable":true,"href":"https:\/\/skincandyfamily.fi\/fi\/wp-json\/wp\/v2\/product_tag?post=70742"}],"curies":[{"name":"wp","href":"https:\/\/api.w.org\/{rel}","templated":true}]}}