{"id":70917,"date":"2021-01-25T11:40:29","date_gmt":"2021-01-25T09:40:29","guid":{"rendered":"https:\/\/skincandyfamily.fi\/?post_type=product&#038;p=70917"},"modified":"2026-02-19T15:05:43","modified_gmt":"2026-02-19T13:05:43","slug":"sensitive-peel-enzymatic-30g","status":"publish","type":"product","link":"https:\/\/skincandyfamily.fi\/fi\/tuote\/sensitive-peel-enzymatic-30g\/","title":{"rendered":"Sensitive Peel Enzymatic 30g"},"content":{"rendered":"<p>Hell\u00e4varainen, entsymaattinen kuorinta. Voidaan k\u00e4ytt\u00e4\u00e4 vartalolle sek\u00e4 kasvoille.<\/p>\n<p>Sensitive Peel Enzymatic -kuorintaa suositellaan ihon valmisteluun ennen karvapoistoa. Se kuorii ja pehment\u00e4\u00e4 ihoa ja tekee karvanpoistosta helpompaa ja kivuttomampaa ja antaa paremman lopputuloksen. T\u00e4m\u00e4 hoitava entsyymikuorinta on tehokas erityisesti iholle, jolla on taipumus sis\u00e4\u00e4nkasvaneisiin karvoihin ja ihon kuivuuteen.<\/p>\n<p>Loistava tuote my\u00f6s ihon viikoittaiseen kuorintaan, vaikket karvanpoistoa tekisik\u00e4\u00e4n.<\/p>\n<p>Sis\u00e4lt\u00e4\u00e4 hedelm\u00e4entsyymej\u00e4, bromelaiinia ja papaiinia. Lis\u00e4ksi puolukkaa ja villimansikkaa. Papaiini pehment\u00e4\u00e4 ihoa sek\u00e4 karvatuppea. Puolukka hoitaa ja suojaa ihoa lis\u00e4\u00e4m\u00e4ll\u00e4 sen joustavuutta ja suojaa ihoa vapailta radikaaleilta, stimuloi veren mikroverenkiertoa ja lis\u00e4\u00e4 ihon uudistumista. Siksi se hidastaa ihon vanhenemista ja lis\u00e4\u00e4 ihon kimmoisuutta. Villimansikka sis\u00e4lt\u00e4\u00e4 luonnollisia kosteuttajia ja useita eri antioksidantteja: kuten C-vitamiini ja ellagic -happo, jotka rauhoittavat, suojaavat ja kirkastavat ihoa.<\/p>\n<p>K\u00e4ytt\u00f6: ota 1-2 tl jauhetta, hoidettavasta alueesta riippuen ja lis\u00e4\u00e4 Fresh Kiss Mist Xylitolipitoista kasvovett\u00e4 kunnes saat tasaisen massan. Levit\u00e4 hoidettavalle alueelle ja anna vaikuttaa 15 minuuttia. Pyyhi pois kostealla liinalla sek\u00e4 pyyhi lopuksi Fresh Kiss Mistill\u00e4.<\/p>\n<p><strong>INCI:<\/strong> Kaoliini, Solum Diatomeae, bentoniitti, titaanidioksidi (CI77891), maltodekstriini, Ananas Sativus -hedelm\u00e4uute, Carica papaija -hedelm\u00e4mehu, Vaccinium Vitis-Idaea -hedelm\u00e4jauhe, Fragaria Vesca -hedelm\u00e4jauhe, sitruunahappo.<\/p>","protected":false},"excerpt":{"rendered":"<p>Hell\u00e4varainen, entsymaattinen kuorinta. Voidaan k\u00e4ytt\u00e4\u00e4 vartalolle sek\u00e4 kasvoille. Sensitive Peel Enzymatic -kuorintaa suositellaan ihon valmisteluun ennen karvapoistoa. Se kuorii ja pehment\u00e4\u00e4 ihoa ja tekee karvanpoistosta helpompaa ja kivuttomampaa ja antaa paremman lopputuloksen. T\u00e4m\u00e4 hoitava entsyymikuorinta on tehokas erityisesti iholle, jolla on taipumus sis\u00e4\u00e4nkasvaneisiin karvoihin ja ihon kuivuuteen.<\/p>","protected":false},"featured_media":70846,"template":"","meta":{"_monsterinsights_skip_tracking":false,"_monsterinsights_sitenote_active":false,"_monsterinsights_sitenote_note":"","_monsterinsights_sitenote_category":0},"product_brand":[],"product_cat":[581,604],"product_tag":[],"class_list":{"0":"post-70917","1":"product","2":"type-product","3":"status-publish","4":"has-post-thumbnail","6":"product_cat-lotions","7":"product_cat-face-care","8":"product_shipping_class-small-items","9":"description-off","11":"first","12":"instock","13":"taxable","14":"shipping-taxable","15":"purchasable","16":"product-type-simple"},"_links":{"self":[{"href":"https:\/\/skincandyfamily.fi\/fi\/wp-json\/wp\/v2\/product\/70917"}],"collection":[{"href":"https:\/\/skincandyfamily.fi\/fi\/wp-json\/wp\/v2\/product"}],"about":[{"href":"https:\/\/skincandyfamily.fi\/fi\/wp-json\/wp\/v2\/types\/product"}],"wp:featuredmedia":[{"embeddable":true,"href":"https:\/\/skincandyfamily.fi\/fi\/wp-json\/wp\/v2\/media\/70846"}],"wp:attachment":[{"href":"https:\/\/skincandyfamily.fi\/fi\/wp-json\/wp\/v2\/media?parent=70917"}],"wp:term":[{"taxonomy":"product_brand","embeddable":true,"href":"https:\/\/skincandyfamily.fi\/fi\/wp-json\/wp\/v2\/product_brand?post=70917"},{"taxonomy":"product_cat","embeddable":true,"href":"https:\/\/skincandyfamily.fi\/fi\/wp-json\/wp\/v2\/product_cat?post=70917"},{"taxonomy":"product_tag","embeddable":true,"href":"https:\/\/skincandyfamily.fi\/fi\/wp-json\/wp\/v2\/product_tag?post=70917"}],"curies":[{"name":"wp","href":"https:\/\/api.w.org\/{rel}","templated":true}]}}