{"id":72109,"date":"2025-06-19T09:23:10","date_gmt":"2025-06-19T06:23:10","guid":{"rendered":"https:\/\/skincandyfamily.fi\/?post_type=product&#038;p=72109"},"modified":"2026-01-28T14:41:40","modified_gmt":"2026-01-28T12:41:40","slug":"skin-candy-ingrown-hair-inhibitor-roll-on-50ml","status":"publish","type":"product","link":"https:\/\/skincandyfamily.fi\/fi\/tuote\/skin-candy-ingrown-hair-inhibitor-roll-on-50ml\/","title":{"rendered":"Ingrown Hair Inhibitor roll-on 50ml"},"content":{"rendered":"<h3 data-start=\"140\" data-end=\"208\"><strong data-start=\"144\" data-end=\"208\">Tehokasta hoitoa sis\u00e4\u00e4n kasvaneille karvoille luonnollisilla ainesosilla!<\/strong><\/h3>\n<p data-start=\"210\" data-end=\"663\">Tuotteemme auttaa ehk\u00e4isem\u00e4\u00e4n ja hoitamaan sis\u00e4\u00e4n kasvaneita karvoja edistyksellisen koostumuksensa ansiosta. Aquaxyl-yhdiste, joka sis\u00e4lt\u00e4\u00e4 Xylitolia kolmessa eri molekyylimuodossa, parantaa ihon kosteustasapainoa ja vahvistaa ihon luonnollista suojakerrosta. Salisyylihappo ja AHA-hapot (sitruuna-, viini- ja omena-hapot) kuorivat ihoa hell\u00e4varaisesti, samalla kun Hibiscus- ja orvokkiuutteet rauhoittavat \u00e4rtynytt\u00e4 ihoa. Papaiini ja papaijauute auttavat ihon uusiutumisessa ja heikent\u00e4v\u00e4t karvatuppea.<\/p>\n<p data-start=\"665\" data-end=\"776\">Sopii kaikille ihotyypeille s\u00e4\u00e4nn\u00f6lliseen k\u00e4ytt\u00f6\u00f6n.<br data-start=\"710\" data-end=\"713\" \/><strong data-start=\"713\" data-end=\"776\">Sano hyv\u00e4stit sis\u00e4\u00e4n kasvaneille karvoille ja nauti kauniista, tasaisesta ihosta!<\/strong><\/p>\n<h3 data-start=\"783\" data-end=\"802\"><strong data-start=\"787\" data-end=\"802\">K\u00e4ytt\u00f6:<\/strong><\/h3>\n<ol data-start=\"804\" data-end=\"1491\">\n<li data-start=\"804\" data-end=\"941\">\n<p data-start=\"807\" data-end=\"941\"><strong data-start=\"807\" data-end=\"828\">Puhdista iho:<\/strong><br data-start=\"828\" data-end=\"831\" \/>Aloita varmistamalla, ett\u00e4 k\u00e4sitelt\u00e4v\u00e4 alue on puhdas ja kuiva. Tuote toimii parhaiten, kun sit\u00e4 k\u00e4ytet\u00e4\u00e4n karvanpoiston j\u00e4lkeen ehk\u00e4isem\u00e4\u00e4n sis\u00e4\u00e4nkasvaneita karvoja.<\/p>\n<\/li>\n<li data-start=\"943\" data-end=\"1118\">\n<p data-start=\"946\" data-end=\"1118\"><strong data-start=\"946\" data-end=\"968\">Levit\u00e4 tuote:<\/strong><br data-start=\"968\" data-end=\"971\" \/>Py\u00f6rit\u00e4 applikaattoria hell\u00e4varaisesti kohdealueen tai ongelmallisen ihoalueen yli. Varmista, ett\u00e4 peit\u00e4t koko alueen, jolla on taipumusta sis\u00e4\u00e4nkasvaneisiin karvoihin.<\/p>\n<\/li>\n<li data-start=\"1120\" data-end=\"1223\">\n<p data-start=\"1123\" data-end=\"1223\"><strong data-start=\"1123\" data-end=\"1141\">Anna imeyty\u00e4:<\/strong><br data-start=\"1141\" data-end=\"1144\" \/>Anna tuotteen imeyty\u00e4 t\u00e4ysin ihoon. Sit\u00e4 ei tarvitse hieroa eik\u00e4 huuhdella pois.<\/p>\n<\/li>\n<li data-start=\"1225\" data-end=\"1491\">\n<p data-start=\"1228\" data-end=\"1491\"><strong data-start=\"1228\" data-end=\"1246\">K\u00e4yt\u00e4 s\u00e4\u00e4nn\u00f6llisesti:<\/strong><br data-start=\"1246\" data-end=\"1249\" \/>Parhaan tuloksen saavuttamiseksi k\u00e4yt\u00e4 roll-on-tuotetta p\u00e4ivitt\u00e4in tai jokaisen karvanpoistokerran j\u00e4lkeen. N\u00e4in ehk\u00e4iset sis\u00e4\u00e4nkasvaneita karvoja ja pid\u00e4t ihon rauhallisena ja kosteutettuna. Hoitoa kannattaa jatkaa karvanpoistosta siihen asti, ett\u00e4 uudet karvat ovat kasvaneet ihon pinnalle. Ongelmatilanteissa tuotetta voi k\u00e4ytt\u00e4\u00e4 p\u00e4ivitt\u00e4in karvanpoistojen v\u00e4lill\u00e4.<\/p>\n<\/li>\n<\/ol>\n<p>INCI: Water (Aqua), Alcohol Denat., Propanediol, Lactic Acid, Gluconolactone, Glycerin, Salix Purpurea Bark Extract, Salicylic Acid, Melaleuca Alternifolia Leaf Oil (Tea Tree oil), Pentylene Glycol, Sodium Benzoate, Benzoic Acid, Sodium Bicarbonate.<\/p>","protected":false},"excerpt":{"rendered":"<p data-start=\"140\" data-end=\"208\"><strong data-start=\"713\" data-end=\"776\">Sano hyv\u00e4stit sis\u00e4\u00e4n kasvaneille karvoille ja nauti kauniista, tasaisesta ihosta!<\/strong><\/p>\n<p data-start=\"210\" data-end=\"663\">Tuotteemme auttaa ehk\u00e4isem\u00e4\u00e4n ja hoitamaan sis\u00e4\u00e4n kasvaneita karvoja edistyksellisen koostumuksensa ansiosta. Sopii kaikille ihotyypeille s\u00e4\u00e4nn\u00f6lliseen k\u00e4ytt\u00f6\u00f6n.<\/p>","protected":false},"featured_media":72110,"template":"","meta":{"_monsterinsights_skip_tracking":false,"_monsterinsights_sitenote_active":false,"_monsterinsights_sitenote_note":"","_monsterinsights_sitenote_category":0},"product_brand":[],"product_cat":[581],"product_tag":[],"class_list":{"0":"post-72109","1":"product","2":"type-product","3":"status-publish","4":"has-post-thumbnail","6":"product_cat-lotions","7":"description-off","9":"first","10":"instock","11":"taxable","12":"shipping-taxable","13":"purchasable","14":"product-type-simple"},"_links":{"self":[{"href":"https:\/\/skincandyfamily.fi\/fi\/wp-json\/wp\/v2\/product\/72109"}],"collection":[{"href":"https:\/\/skincandyfamily.fi\/fi\/wp-json\/wp\/v2\/product"}],"about":[{"href":"https:\/\/skincandyfamily.fi\/fi\/wp-json\/wp\/v2\/types\/product"}],"wp:featuredmedia":[{"embeddable":true,"href":"https:\/\/skincandyfamily.fi\/fi\/wp-json\/wp\/v2\/media\/72110"}],"wp:attachment":[{"href":"https:\/\/skincandyfamily.fi\/fi\/wp-json\/wp\/v2\/media?parent=72109"}],"wp:term":[{"taxonomy":"product_brand","embeddable":true,"href":"https:\/\/skincandyfamily.fi\/fi\/wp-json\/wp\/v2\/product_brand?post=72109"},{"taxonomy":"product_cat","embeddable":true,"href":"https:\/\/skincandyfamily.fi\/fi\/wp-json\/wp\/v2\/product_cat?post=72109"},{"taxonomy":"product_tag","embeddable":true,"href":"https:\/\/skincandyfamily.fi\/fi\/wp-json\/wp\/v2\/product_tag?post=72109"}],"curies":[{"name":"wp","href":"https:\/\/api.w.org\/{rel}","templated":true}]}}