{"id":16285,"date":"2014-06-16T11:10:04","date_gmt":"2014-06-16T08:10:04","guid":{"rendered":"https:\/\/the7.io\/main\/?page_id=16285"},"modified":"2025-06-05T08:47:25","modified_gmt":"2025-06-05T05:47:25","slug":"tiimi","status":"publish","type":"page","link":"https:\/\/skincandyfamily.fi\/sv\/candying\/tiimi\/","title":{"rendered":"V\u00e5rt team"},"content":{"rendered":"<div class=\"wpb-content-wrapper\"><div data-vc-full-width=\"true\" data-vc-full-width-init=\"false\" class=\"vc_row wpb_row vc_row-fluid vc_custom_1710834842447 vc_row-has-fill vc_row-o-equal-height vc_row-flex\"><div class=\"wpb_column vc_column_container vc_col-sm-6\"><div class=\"vc_column-inner vc_custom_1508241557347\"><div class=\"wpb_wrapper\"><div class=\"vc_row wpb_row vc_inner vc_row-fluid vc_row-o-equal-height vc_row-flex\"><div class=\"wpb_column vc_column_container vc_col-sm-6 vc_col-lg-5 vc_col-md-6 vc_col-xs-6\"><div class=\"vc_column-inner vc_custom_1478885230439\"><div class=\"wpb_wrapper\"><style type=\"text\/css\" data-type=\"the7_shortcodes-inline-css\">.shortcode-single-image-wrap.shortcode-single-image-d356a85aad7c2a5f5c519af853328271.enable-bg-rollover .rollover i,\n.shortcode-single-image-wrap.shortcode-single-image-d356a85aad7c2a5f5c519af853328271.enable-bg-rollover .rollover-video i {\n  background: -webkit-linear-gradient();\n  background: linear-gradient();\n}\n.shortcode-single-image-wrap.shortcode-single-image-d356a85aad7c2a5f5c519af853328271 .rollover-icon {\n  font-size: 32px;\n  color: #ffffff;\n  min-width: 44px;\n  min-height: 44px;\n  line-height: 44px;\n  border-radius: 100px;\n  border-style: solid;\n  border-width: 0px;\n}\n.dt-icon-bg-on.shortcode-single-image-wrap.shortcode-single-image-d356a85aad7c2a5f5c519af853328271 .rollover-icon {\n  background: rgba(255,255,255,0.3);\n  box-shadow: none;\n}<\/style><div class=\"shortcode-single-image-wrap shortcode-single-image-d356a85aad7c2a5f5c519af853328271 alignleft  enable-bg-rollover dt-icon-bg-off\" style=\"margin-top:0px; margin-bottom:0px; margin-left:0px; margin-right:0px; width:300px;\" data-pretty-share=\"facebook,twitter,pinterest,linkedin\"><div class=\"shortcode-single-image\"><div class=\"fancy-media-wrap  layzr-bg\" style=\"\"><img fetchpriority=\"high\" decoding=\"async\" class=\"preload-me lazy-load aspect\" src=\"data:image\/svg+xml,%3Csvg%20xmlns%3D&#39;http%3A%2F%2Fwww.w3.org%2F2000%2Fsvg&#39;%20viewBox%3D&#39;0%200%20300%20300&#39;%2F%3E\" data-src=\"https:\/\/skincandyfamily.fi\/wp-content\/uploads\/2024\/04\/image_1713962007657-300x300.jpg\" data-srcset=\"https:\/\/skincandyfamily.fi\/wp-content\/uploads\/2024\/04\/image_1713962007657-300x300.jpg 300w, https:\/\/skincandyfamily.fi\/wp-content\/uploads\/2024\/04\/image_1713962007657-600x600.jpg 600w\" loading=\"eager\" sizes=\"(max-width: 300px) 100vw, 300px\" width=\"300\" height=\"300\"  data-dt-location=\"https:\/\/skincandyfamily.fi\/sv\/candying\/tiimi\/image_1713962007657\/\" style=\"--ratio: 300 \/ 300;\" alt=\"\" \/><\/div><\/div><\/div><\/div><\/div><\/div><div class=\"wpb_column vc_column_container vc_col-sm-6 vc_col-lg-7 vc_col-md-6 vc_col-xs-12\"><div class=\"vc_column-inner vc_custom_1476873112721\"><div class=\"wpb_wrapper\"><div id=\"ultimate-heading-488769ff3b6de1d9b\" class=\"uvc-heading ult-adjust-bottom-margin ultimate-heading-488769ff3b6de1d9b uvc-6947 accent-subtitle-color\" data-hspacer=\"no_spacer\"  data-halign=\"left\" style=\"text-align:left\"><div class=\"uvc-heading-spacer no_spacer\" style=\"top\"><\/div><div class=\"uvc-main-heading ult-responsive\"  data-ultimate-target='.uvc-heading.ultimate-heading-488769ff3b6de1d9b h2'  data-responsive-json-new='{\"font-size\":\"desktop:26px;\",\"line-height\":\"desktop:36px;\"}' ><h2 style=\"font-weight:bold;margin-bottom:4px;\">Henna Kujala<\/h2><\/div><div class=\"uvc-sub-heading ult-responsive\"  data-ultimate-target='.uvc-heading.ultimate-heading-488769ff3b6de1d9b .uvc-sub-heading '  data-responsive-json-new='{\"font-size\":\"desktop:18px;\",\"line-height\":\"desktop:28px;\"}'  style=\"font-weight:normal;margin-bottom:15px;\">Medgrundare. VD.<\/div><\/div>\n\t<div class=\"wpb_text_column wpb_content_element  vc_custom_1544704821454\" >\n\t\t<div class=\"wpb_wrapper\">\n\t\t\t<p>Finland<br \/>\nmoi@skincandyfamily.fi<\/p>\n\n\t\t<\/div>\n\t<\/div>\n<\/div><\/div><\/div><div class=\"wpb_column vc_column_container vc_col-sm-12\"><div class=\"vc_column-inner\"><div class=\"wpb_wrapper\">\n\t<div class=\"wpb_text_column wpb_content_element\" >\n\t\t<div class=\"wpb_wrapper\">\n\t\t\t<p>V\u00e5r ledare Henna k\u00e4nner produkterna som sina egna fickor och har ocks\u00e5 den r\u00e4tta tekniken i fingertopparna! Hon reser runt i v\u00e4rlden p\u00e5 m\u00e4ssor f\u00f6r att ber\u00e4tta om Skin Candy.<\/p>\n\n\t\t<\/div>\n\t<\/div>\n<\/div><\/div><\/div><\/div><\/div><\/div><\/div><div class=\"wpb_column vc_column_container vc_col-sm-6\"><div class=\"vc_column-inner vc_custom_1508241550259\"><div class=\"wpb_wrapper\"><div class=\"vc_row wpb_row vc_inner vc_row-fluid vc_row-o-equal-height vc_row-flex\"><div class=\"wpb_column vc_column_container vc_col-sm-6 vc_col-lg-5 vc_col-md-6 vc_col-xs-6\"><div class=\"vc_column-inner vc_custom_1478885230439\"><div class=\"wpb_wrapper\"><style type=\"text\/css\" data-type=\"the7_shortcodes-inline-css\">.shortcode-single-image-wrap.shortcode-single-image-372459c3c1520e18853c72855c19b996.enable-bg-rollover .rollover i,\n.shortcode-single-image-wrap.shortcode-single-image-372459c3c1520e18853c72855c19b996.enable-bg-rollover .rollover-video i {\n  background: -webkit-linear-gradient();\n  background: linear-gradient();\n}\n.shortcode-single-image-wrap.shortcode-single-image-372459c3c1520e18853c72855c19b996 .rollover-icon {\n  font-size: 32px;\n  color: #ffffff;\n  min-width: 44px;\n  min-height: 44px;\n  line-height: 44px;\n  border-radius: 100px;\n  border-style: solid;\n  border-width: 0px;\n}\n.dt-icon-bg-on.shortcode-single-image-wrap.shortcode-single-image-372459c3c1520e18853c72855c19b996 .rollover-icon {\n  background: rgba(255,255,255,0.3);\n  box-shadow: none;\n}<\/style><div class=\"shortcode-single-image-wrap shortcode-single-image-372459c3c1520e18853c72855c19b996 alignleft  enable-bg-rollover dt-icon-bg-off\" style=\"margin-top:0px; margin-bottom:0px; margin-left:0px; margin-right:0px; width:300px;\" data-pretty-share=\"facebook,twitter,pinterest,linkedin\"><div class=\"shortcode-single-image\"><div class=\"fancy-media-wrap  layzr-bg\" style=\"\"><img decoding=\"async\" class=\"preload-me lazy-load aspect\" src=\"data:image\/svg+xml,%3Csvg%20xmlns%3D&#39;http%3A%2F%2Fwww.w3.org%2F2000%2Fsvg&#39;%20viewBox%3D&#39;0%200%20300%20300&#39;%2F%3E\" data-src=\"https:\/\/skincandyfamily.fi\/wp-content\/uploads\/2024\/04\/harri-300x300.jpg\" data-srcset=\"https:\/\/skincandyfamily.fi\/wp-content\/uploads\/2024\/04\/harri-300x300.jpg 300w, https:\/\/skincandyfamily.fi\/wp-content\/uploads\/2024\/04\/harri-600x600.jpg 600w\" loading=\"eager\" sizes=\"(max-width: 300px) 100vw, 300px\" width=\"300\" height=\"300\"  data-dt-location=\"https:\/\/skincandyfamily.fi\/sv\/candying\/tiimi\/harri\/\" style=\"--ratio: 300 \/ 300;\" alt=\"\" \/><\/div><\/div><\/div><\/div><\/div><\/div><div class=\"wpb_column vc_column_container vc_col-sm-6 vc_col-lg-7 vc_col-md-6 vc_col-xs-12\"><div class=\"vc_column-inner vc_custom_1476873112721\"><div class=\"wpb_wrapper\"><div id=\"ultimate-heading-6569ff3b6de2d0f\" class=\"uvc-heading ult-adjust-bottom-margin ultimate-heading-6569ff3b6de2d0f uvc-2290 accent-subtitle-color\" data-hspacer=\"no_spacer\"  data-halign=\"left\" style=\"text-align:left\"><div class=\"uvc-heading-spacer no_spacer\" style=\"top\"><\/div><div class=\"uvc-main-heading ult-responsive\"  data-ultimate-target='.uvc-heading.ultimate-heading-6569ff3b6de2d0f h2'  data-responsive-json-new='{\"font-size\":\"desktop:26px;\",\"line-height\":\"desktop:36px;\"}' ><h2 style=\"font-weight:bold;margin-bottom:4px;\">Harri Kujala<\/h2><\/div><div class=\"uvc-sub-heading ult-responsive\"  data-ultimate-target='.uvc-heading.ultimate-heading-6569ff3b6de2d0f .uvc-sub-heading '  data-responsive-json-new='{\"font-size\":\"desktop:18px;\",\"line-height\":\"desktop:28px;\"}'  style=\"font-weight:normal;margin-bottom:15px;\"><\/p>\n<p>Medgrundare. Vice President.<\/p>\n<p><\/div><\/div>\n\t<div class=\"wpb_text_column wpb_content_element  vc_custom_1544704816215\" >\n\t\t<div class=\"wpb_wrapper\">\n\t\t\t<p>Finland<br \/>\nmoi@skincandyfamily.fi<\/p>\n\n\t\t<\/div>\n\t<\/div>\n<\/div><\/div><\/div><div class=\"wpb_column vc_column_container vc_col-sm-12\"><div class=\"vc_column-inner\"><div class=\"wpb_wrapper\">\n\t<div class=\"wpb_text_column wpb_content_element\" >\n\t\t<div class=\"wpb_wrapper\">\n\t\t\t<p>Harri \u00e4r v\u00e5r galna innovat\u00f6r och \u00e4lskar brainstorming. Han hittar p\u00e5 innovativa produktnamn och galna r\u00e5varukombinationer - det \u00e4r vad han g\u00f6r. De utg\u00f6r ett perfekt bror och systerteam med Henna.<\/p>\n\n\t\t<\/div>\n\t<\/div>\n<\/div><\/div><\/div><\/div><\/div><\/div><\/div><\/div><div class=\"vc_row-full-width vc_clearfix\"><\/div><!-- Row Backgrounds --><div class=\"upb_color\" data-bg-override=\"0\" data-bg-color=\"#ffffff\" data-fadeout=\"\" data-fadeout-percentage=\"30\" data-parallax-content=\"\" data-parallax-content-sense=\"30\" data-row-effect-mobile-disable=\"true\" data-img-parallax-mobile-disable=\"true\" data-rtl=\"false\"  data-custom-vc-row=\"\"  data-vc=\"8.4.1\"  data-is_old_vc=\"\"  data-theme-support=\"\"   data-overlay=\"false\" data-overlay-color=\"\" data-overlay-pattern=\"\" data-overlay-pattern-opacity=\"\" data-overlay-pattern-size=\"\"    ><\/div><div data-vc-full-width=\"true\" data-vc-full-width-init=\"false\" class=\"vc_row wpb_row vc_row-fluid vc_custom_1710834930822 vc_row-has-fill vc_row-o-equal-height vc_row-flex\"><div class=\"wpb_column vc_column_container vc_col-sm-6\"><div class=\"vc_column-inner vc_custom_1508241557347\"><div class=\"wpb_wrapper\"><div class=\"vc_row wpb_row vc_inner vc_row-fluid vc_row-o-equal-height vc_row-flex\"><div class=\"wpb_column vc_column_container vc_col-sm-6 vc_col-lg-5 vc_col-md-6 vc_col-xs-6\"><div class=\"vc_column-inner vc_custom_1478885230439\"><div class=\"wpb_wrapper\"><style type=\"text\/css\" data-type=\"the7_shortcodes-inline-css\">.shortcode-single-image-wrap.shortcode-single-image-d0db466804c05deb37c96162e21b7402.enable-bg-rollover .rollover i,\n.shortcode-single-image-wrap.shortcode-single-image-d0db466804c05deb37c96162e21b7402.enable-bg-rollover .rollover-video i {\n  background: -webkit-linear-gradient();\n  background: linear-gradient();\n}\n.shortcode-single-image-wrap.shortcode-single-image-d0db466804c05deb37c96162e21b7402 .rollover-icon {\n  font-size: 32px;\n  color: #ffffff;\n  min-width: 44px;\n  min-height: 44px;\n  line-height: 44px;\n  border-radius: 100px;\n  border-style: solid;\n  border-width: 0px;\n}\n.dt-icon-bg-on.shortcode-single-image-wrap.shortcode-single-image-d0db466804c05deb37c96162e21b7402 .rollover-icon {\n  background: rgba(255,255,255,0.3);\n  box-shadow: none;\n}<\/style><div class=\"shortcode-single-image-wrap shortcode-single-image-d0db466804c05deb37c96162e21b7402 alignleft  enable-bg-rollover dt-icon-bg-off\" style=\"margin-top:0px; margin-bottom:0px; margin-left:0px; margin-right:0px; width:300px;\" data-pretty-share=\"facebook,twitter,pinterest,linkedin\"><div class=\"shortcode-single-image\"><div class=\"fancy-media-wrap  layzr-bg\" style=\"\"><img decoding=\"async\" class=\"preload-me lazy-load aspect\" src=\"data:image\/svg+xml,%3Csvg%20xmlns%3D&#39;http%3A%2F%2Fwww.w3.org%2F2000%2Fsvg&#39;%20viewBox%3D&#39;0%200%20300%20300&#39;%2F%3E\" data-src=\"https:\/\/skincandyfamily.fi\/wp-content\/uploads\/2024\/04\/mira-3-300x300.jpg\" data-srcset=\"https:\/\/skincandyfamily.fi\/wp-content\/uploads\/2024\/04\/mira-3-300x300.jpg 300w, https:\/\/skincandyfamily.fi\/wp-content\/uploads\/2024\/04\/mira-3-600x600.jpg 600w\" loading=\"eager\" sizes=\"(max-width: 300px) 100vw, 300px\" width=\"300\" height=\"300\"  data-dt-location=\"https:\/\/skincandyfamily.fi\/sv\/candying\/tiimi\/mira-4\/\" style=\"--ratio: 300 \/ 300;\" alt=\"\" \/><\/div><\/div><\/div><\/div><\/div><\/div><div class=\"wpb_column vc_column_container vc_col-sm-6 vc_col-lg-7 vc_col-md-6 vc_col-xs-12\"><div class=\"vc_column-inner vc_custom_1476873112721\"><div class=\"wpb_wrapper\"><div id=\"ultimate-heading-567369ff3b6de3dad\" class=\"uvc-heading ult-adjust-bottom-margin ultimate-heading-567369ff3b6de3dad uvc-44 accent-subtitle-color\" data-hspacer=\"no_spacer\"  data-halign=\"left\" style=\"text-align:left\"><div class=\"uvc-heading-spacer no_spacer\" style=\"top\"><\/div><div class=\"uvc-main-heading ult-responsive\"  data-ultimate-target='.uvc-heading.ultimate-heading-567369ff3b6de3dad h2'  data-responsive-json-new='{\"font-size\":\"desktop:26px;\",\"line-height\":\"desktop:36px;\"}' ><h2 style=\"font-weight:bold;margin-bottom:4px;\">Mira Ojanen<\/h2><\/div><div class=\"uvc-sub-heading ult-responsive\"  data-ultimate-target='.uvc-heading.ultimate-heading-567369ff3b6de3dad .uvc-sub-heading '  data-responsive-json-new='{\"font-size\":\"desktop:18px;\",\"line-height\":\"desktop:28px;\"}'  style=\"font-weight:normal;margin-bottom:15px;\">Lagledare<\/div><\/div>\n\t<div class=\"wpb_text_column wpb_content_element  vc_custom_1551092302888\" >\n\t\t<div class=\"wpb_wrapper\">\n\t\t\t<p>Finland<br \/>\nmoi@skincandyfamily.fi<\/p>\n\n\t\t<\/div>\n\t<\/div>\n<\/div><\/div><\/div><div class=\"wpb_column vc_column_container vc_col-sm-12\"><div class=\"vc_column-inner\"><div class=\"wpb_wrapper\">\n\t<div class=\"wpb_text_column wpb_content_element\" >\n\t\t<div class=\"wpb_wrapper\">\n\t\t\t<p>Mira \u00e4r Harris h\u00f6ger och Hennas v\u00e4nstra hand. Hon h\u00e5ller alla i alla tr\u00e5darna och tar hand om att allt g\u00e5r smidigt.<\/p>\n\n\t\t<\/div>\n\t<\/div>\n<\/div><\/div><\/div><\/div><\/div><\/div><\/div><div class=\"wpb_column vc_column_container vc_col-sm-6\"><div class=\"vc_column-inner vc_custom_1508241550259\"><div class=\"wpb_wrapper\"><div class=\"vc_row wpb_row vc_inner vc_row-fluid vc_row-o-equal-height vc_row-flex\"><div class=\"wpb_column vc_column_container vc_col-sm-6 vc_col-lg-5 vc_col-md-6 vc_col-xs-6\"><div class=\"vc_column-inner vc_custom_1478885230439\"><div class=\"wpb_wrapper\"><style type=\"text\/css\" data-type=\"the7_shortcodes-inline-css\">.shortcode-single-image-wrap.shortcode-single-image-ea5692ed988ba9d2f48170b4b73ec93e.enable-bg-rollover .rollover i,\n.shortcode-single-image-wrap.shortcode-single-image-ea5692ed988ba9d2f48170b4b73ec93e.enable-bg-rollover .rollover-video i {\n  background: -webkit-linear-gradient();\n  background: linear-gradient();\n}\n.shortcode-single-image-wrap.shortcode-single-image-ea5692ed988ba9d2f48170b4b73ec93e .rollover-icon {\n  font-size: 32px;\n  color: #ffffff;\n  min-width: 44px;\n  min-height: 44px;\n  line-height: 44px;\n  border-radius: 100px;\n  border-style: solid;\n  border-width: 0px;\n}\n.dt-icon-bg-on.shortcode-single-image-wrap.shortcode-single-image-ea5692ed988ba9d2f48170b4b73ec93e .rollover-icon {\n  background: rgba(255,255,255,0.3);\n  box-shadow: none;\n}<\/style><div class=\"shortcode-single-image-wrap shortcode-single-image-ea5692ed988ba9d2f48170b4b73ec93e alignleft  enable-bg-rollover dt-icon-bg-off\" style=\"margin-top:0px; margin-bottom:0px; margin-left:0px; margin-right:0px; width:300px;\" data-pretty-share=\"facebook,twitter,pinterest,linkedin\"><div class=\"shortcode-single-image\"><div class=\"fancy-media-wrap  layzr-bg\" style=\"\"><img decoding=\"async\" class=\"preload-me lazy-load aspect\" src=\"data:image\/svg+xml,%3Csvg%20xmlns%3D&#39;http%3A%2F%2Fwww.w3.org%2F2000%2Fsvg&#39;%20viewBox%3D&#39;0%200%20300%20300&#39;%2F%3E\" data-src=\"https:\/\/skincandyfamily.fi\/wp-content\/uploads\/2024\/04\/tinja-300x300.jpg\" data-srcset=\"https:\/\/skincandyfamily.fi\/wp-content\/uploads\/2024\/04\/tinja-300x300.jpg 300w, https:\/\/skincandyfamily.fi\/wp-content\/uploads\/2024\/04\/tinja-600x600.jpg 600w\" loading=\"eager\" sizes=\"(max-width: 300px) 100vw, 300px\" width=\"300\" height=\"300\"  data-dt-location=\"https:\/\/skincandyfamily.fi\/sv\/candying\/tiimi\/tinja-2\/\" style=\"--ratio: 300 \/ 300;\" alt=\"\" \/><\/div><\/div><\/div><\/div><\/div><\/div><div class=\"wpb_column vc_column_container vc_col-sm-6 vc_col-lg-7 vc_col-md-6 vc_col-xs-12\"><div class=\"vc_column-inner vc_custom_1476873112721\"><div class=\"wpb_wrapper\"><div id=\"ultimate-heading-350069ff3b6de48ce\" class=\"uvc-heading ult-adjust-bottom-margin ultimate-heading-350069ff3b6de48ce uvc-763 accent-subtitle-color\" data-hspacer=\"no_spacer\"  data-halign=\"left\" style=\"text-align:left\"><div class=\"uvc-heading-spacer no_spacer\" style=\"top\"><\/div><div class=\"uvc-main-heading ult-responsive\"  data-ultimate-target='.uvc-heading.ultimate-heading-350069ff3b6de48ce h2'  data-responsive-json-new='{\"font-size\":\"desktop:26px;\",\"line-height\":\"desktop:36px;\"}' ><h2 style=\"font-weight:bold;margin-bottom:4px;\">Tinja Saarni<\/h2><\/div><div class=\"uvc-sub-heading ult-responsive\"  data-ultimate-target='.uvc-heading.ultimate-heading-350069ff3b6de48ce .uvc-sub-heading '  data-responsive-json-new='{\"font-size\":\"desktop:18px;\",\"line-height\":\"desktop:28px;\"}'  style=\"font-weight:normal;margin-bottom:15px;\">Exportsekreterare<\/div><\/div>\n\t<div class=\"wpb_text_column wpb_content_element  vc_custom_1709533726683\" >\n\t\t<div class=\"wpb_wrapper\">\n\t\t\t<p>Finland<br \/>\nexport@hoitolatukku.fi<\/p>\n\n\t\t<\/div>\n\t<\/div>\n<\/div><\/div><\/div><div class=\"wpb_column vc_column_container vc_col-sm-12\"><div class=\"vc_column-inner\"><div class=\"wpb_wrapper\">\n\t<div class=\"wpb_text_column wpb_content_element\" >\n\t\t<div class=\"wpb_wrapper\">\n\t\t\t<p>Tinja \u00e4r v\u00e5rt senaste tillskott i teamet. Hennes huvudsakliga ansvar inkluderar hantering av Skin Candys export och hantera v\u00e5ra distribut\u00f6rer \u00f6ver hela v\u00e4rlden.<\/p>\n\n\t\t<\/div>\n\t<\/div>\n<\/div><\/div><\/div><\/div><\/div><\/div><\/div><\/div><div class=\"vc_row-full-width vc_clearfix\"><\/div><!-- Row Backgrounds --><div class=\"upb_color\" data-bg-override=\"0\" data-bg-color=\"#ffffff\" data-fadeout=\"\" data-fadeout-percentage=\"30\" data-parallax-content=\"\" data-parallax-content-sense=\"30\" data-row-effect-mobile-disable=\"true\" data-img-parallax-mobile-disable=\"true\" data-rtl=\"false\"  data-custom-vc-row=\"\"  data-vc=\"8.4.1\"  data-is_old_vc=\"\"  data-theme-support=\"\"   data-overlay=\"false\" data-overlay-color=\"\" data-overlay-pattern=\"\" data-overlay-pattern-opacity=\"\" data-overlay-pattern-size=\"\"    ><\/div><div data-vc-full-width=\"true\" data-vc-full-width-init=\"false\" class=\"vc_row wpb_row vc_row-fluid vc_custom_1710834945013 vc_row-has-fill vc_row-o-equal-height vc_row-flex\"><div class=\"wpb_column vc_column_container vc_col-sm-6\"><div class=\"vc_column-inner vc_custom_1508241557347\"><div class=\"wpb_wrapper\"><div class=\"vc_row wpb_row vc_inner vc_row-fluid vc_row-o-equal-height vc_row-flex\"><div class=\"wpb_column vc_column_container vc_col-sm-6 vc_col-lg-5 vc_col-md-6 vc_col-xs-6\"><div class=\"vc_column-inner vc_custom_1478885230439\"><div class=\"wpb_wrapper\"><style type=\"text\/css\" data-type=\"the7_shortcodes-inline-css\">.shortcode-single-image-wrap.shortcode-single-image-342df2ccfc91a1c625d86553e1e0d5dc.enable-bg-rollover .rollover i,\n.shortcode-single-image-wrap.shortcode-single-image-342df2ccfc91a1c625d86553e1e0d5dc.enable-bg-rollover .rollover-video i {\n  background: -webkit-linear-gradient();\n  background: linear-gradient();\n}\n.shortcode-single-image-wrap.shortcode-single-image-342df2ccfc91a1c625d86553e1e0d5dc .rollover-icon {\n  font-size: 32px;\n  color: #ffffff;\n  min-width: 44px;\n  min-height: 44px;\n  line-height: 44px;\n  border-radius: 100px;\n  border-style: solid;\n  border-width: 0px;\n}\n.dt-icon-bg-on.shortcode-single-image-wrap.shortcode-single-image-342df2ccfc91a1c625d86553e1e0d5dc .rollover-icon {\n  background: rgba(255,255,255,0.3);\n  box-shadow: none;\n}<\/style><div class=\"shortcode-single-image-wrap shortcode-single-image-342df2ccfc91a1c625d86553e1e0d5dc alignleft  enable-bg-rollover dt-icon-bg-off\" style=\"margin-top:0px; margin-bottom:0px; margin-left:0px; margin-right:0px; width:300px;\" data-pretty-share=\"facebook,twitter,pinterest,linkedin\"><div class=\"shortcode-single-image\"><div class=\"fancy-media-wrap  layzr-bg\" style=\"\"><img decoding=\"async\" class=\"preload-me lazy-load aspect\" src=\"data:image\/svg+xml,%3Csvg%20xmlns%3D&#39;http%3A%2F%2Fwww.w3.org%2F2000%2Fsvg&#39;%20viewBox%3D&#39;0%200%20300%20300&#39;%2F%3E\" data-src=\"https:\/\/skincandyfamily.fi\/wp-content\/uploads\/2018\/12\/karoliina-300x300.jpg\" data-srcset=\"https:\/\/skincandyfamily.fi\/wp-content\/uploads\/2018\/12\/karoliina-300x300.jpg 300w, https:\/\/skincandyfamily.fi\/wp-content\/uploads\/2018\/12\/karoliina-600x600.jpg 600w\" loading=\"eager\" sizes=\"(max-width: 300px) 100vw, 300px\" width=\"300\" height=\"300\"  data-dt-location=\"https:\/\/skincandyfamily.fi\/sv\/candying\/tiimi\/karoliina\/\" style=\"--ratio: 300 \/ 300;\" alt=\"\" \/><\/div><\/div><\/div><\/div><\/div><\/div><div class=\"wpb_column vc_column_container vc_col-sm-6 vc_col-lg-7 vc_col-md-6 vc_col-xs-12\"><div class=\"vc_column-inner vc_custom_1476873112721\"><div class=\"wpb_wrapper\"><div id=\"ultimate-heading-125669ff3b6de61a2\" class=\"uvc-heading ult-adjust-bottom-margin ultimate-heading-125669ff3b6de61a2 uvc-3641 accent-subtitle-color\" data-hspacer=\"no_spacer\"  data-halign=\"left\" style=\"text-align:left\"><div class=\"uvc-heading-spacer no_spacer\" style=\"top\"><\/div><div class=\"uvc-main-heading ult-responsive\"  data-ultimate-target='.uvc-heading.ultimate-heading-125669ff3b6de61a2 h2'  data-responsive-json-new='{\"font-size\":\"desktop:26px;\",\"line-height\":\"desktop:36px;\"}' ><h2 style=\"font-weight:bold;margin-bottom:4px;\">Karoliina Aro<\/h2><\/div><div class=\"uvc-sub-heading ult-responsive\"  data-ultimate-target='.uvc-heading.ultimate-heading-125669ff3b6de61a2 .uvc-sub-heading '  data-responsive-json-new='{\"font-size\":\"desktop:18px;\",\"line-height\":\"desktop:28px;\"}'  style=\"font-weight:normal;margin-bottom:15px;\">Huvudutbildare \/ Nyckelkundsansvarig<\/div><\/div>\n\t<div class=\"wpb_text_column wpb_content_element  vc_custom_1544704816215\" >\n\t\t<div class=\"wpb_wrapper\">\n\t\t\t<p>Finland<br \/>\nmoi@skincandyfamily.fi<\/p>\n\n\t\t<\/div>\n\t<\/div>\n<\/div><\/div><\/div><div class=\"wpb_column vc_column_container vc_col-sm-12\"><div class=\"vc_column-inner\"><div class=\"wpb_wrapper\">\n\t<div class=\"wpb_text_column wpb_content_element\" >\n\t\t<div class=\"wpb_wrapper\">\n\t\t\t<p>Karoliinas bubblande personlighet f\u00e5ngar b\u00e5de kursdeltagare och bes\u00f6kare p\u00e5 m\u00e4ssor. Karoliina \u00e4r ocks\u00e5 sjuksk\u00f6terska s\u00e5 hon vet en hel del om h\u00e4lsan och kan anv\u00e4nda den informationen i produktutvecklingen.<\/p>\n\n\t\t<\/div>\n\t<\/div>\n<\/div><\/div><\/div><\/div><\/div><\/div><\/div><div class=\"wpb_column vc_column_container vc_col-sm-6\"><div class=\"vc_column-inner vc_custom_1508241550259\"><div class=\"wpb_wrapper\"><\/div><\/div><\/div><\/div><div class=\"vc_row-full-width vc_clearfix\"><\/div><!-- Row Backgrounds --><div class=\"upb_color\" data-bg-override=\"0\" data-bg-color=\"#ffffff\" data-fadeout=\"\" data-fadeout-percentage=\"30\" data-parallax-content=\"\" data-parallax-content-sense=\"30\" data-row-effect-mobile-disable=\"true\" data-img-parallax-mobile-disable=\"true\" data-rtl=\"false\"  data-custom-vc-row=\"\"  data-vc=\"8.4.1\"  data-is_old_vc=\"\"  data-theme-support=\"\"   data-overlay=\"false\" data-overlay-color=\"\" data-overlay-pattern=\"\" data-overlay-pattern-opacity=\"\" data-overlay-pattern-size=\"\"    ><\/div>\n<\/div>","protected":false},"excerpt":{"rendered":"<p>Henna KujalaCo-Founder. CEO. Finland hello@skincandyfamily.com Our leader Henna knows products like her own pockets and also the right candying technique at her fingertips! She travels around the world at fairs to tell about Skin Candy. Harri Kujala Co-Founder. Vice president. Finland hello@skincandyfamily.com Harri is our crazy innovator and loves brainstorming. He comes up with innovative&hellip;<\/p>","protected":false},"author":9,"featured_media":0,"parent":45469,"menu_order":50,"comment_status":"closed","ping_status":"closed","template":"","meta":{"_monsterinsights_skip_tracking":false,"_monsterinsights_sitenote_active":false,"_monsterinsights_sitenote_note":"","_monsterinsights_sitenote_category":0,"footnotes":""},"class_list":["post-16285","page","type-page","status-publish","hentry","description-off"],"_links":{"self":[{"href":"https:\/\/skincandyfamily.fi\/sv\/wp-json\/wp\/v2\/pages\/16285"}],"collection":[{"href":"https:\/\/skincandyfamily.fi\/sv\/wp-json\/wp\/v2\/pages"}],"about":[{"href":"https:\/\/skincandyfamily.fi\/sv\/wp-json\/wp\/v2\/types\/page"}],"author":[{"embeddable":true,"href":"https:\/\/skincandyfamily.fi\/sv\/wp-json\/wp\/v2\/users\/9"}],"replies":[{"embeddable":true,"href":"https:\/\/skincandyfamily.fi\/sv\/wp-json\/wp\/v2\/comments?post=16285"}],"version-history":[{"count":4,"href":"https:\/\/skincandyfamily.fi\/sv\/wp-json\/wp\/v2\/pages\/16285\/revisions"}],"predecessor-version":[{"id":72099,"href":"https:\/\/skincandyfamily.fi\/sv\/wp-json\/wp\/v2\/pages\/16285\/revisions\/72099"}],"up":[{"embeddable":true,"href":"https:\/\/skincandyfamily.fi\/sv\/wp-json\/wp\/v2\/pages\/45469"}],"wp:attachment":[{"href":"https:\/\/skincandyfamily.fi\/sv\/wp-json\/wp\/v2\/media?parent=16285"}],"curies":[{"name":"wp","href":"https:\/\/api.w.org\/{rel}","templated":true}]}}