{"id":66698,"date":"2019-04-08T15:49:46","date_gmt":"2019-04-08T12:49:46","guid":{"rendered":"https:\/\/skincandyfamily.fi\/product\/import-placeholder-for-66672\/"},"modified":"2026-01-21T09:56:34","modified_gmt":"2026-01-21T07:56:34","slug":"diy-kit","status":"publish","type":"product","link":"https:\/\/skincandyfamily.fi\/sv\/produkt\/diy-kit\/","title":{"rendered":"DIY Kit"},"content":{"rendered":"<p>P\u00e5 grund av v\u00e5r unika tekniken ger Skin Candy  huden en mjuk, silkeslen k\u00e4nsla utan att irritera, h\u00e5ret avl\u00e4gsnas i v\u00e4xtriktning. Och produkterna  \u00e4r l\u00e4tta att anv\u00e4nda. Dessa  enkla steg g\u00f6r din hud vacker, sl\u00e4t och h\u00e5rl\u00f6s p\u00e5 nolltid!<\/p>\n<p>Pastan med Xylitol avl\u00e4gsnar o\u00f6nskade kroppsh\u00e5r effektivt och ger huden en mild peeling, vilket g\u00f6r din hud silkeslen och s\u00f6t. Visste du att Xylitol \u00e4r antibakteriellt, antiviralt och k\u00e4mpar mot svampinfektioner? Xylitol har m\u00e5nga h\u00e4lsof\u00f6rdelar. Det \u00e4r ocks\u00e5 alkaliserande och d\u00e4rf\u00f6r hj\u00e4lper det att uppr\u00e4tth\u00e5lla kroppens pH. Xylitol \u00e4r den viktigaste ingrediensen i Skin Candy Candied Skin DIY kit.<\/p>\n<h2>Intresserad av Xylitol? L\u00e4s vidare\u2026<\/h2>\n<p>Enligt omfattande forskning har Xylitol m\u00e5nga h\u00e4lsof\u00f6rdelar. Xylitol \u00e4r antibakteriella, antivirala och svampd\u00f6dande (bek\u00e4mpar candida, j\u00e4st och andra) egenskaper. Det \u00e4r ocks\u00e5 alkaliserande vilket d\u00e4rf\u00f6r hj\u00e4lper till att bibeh\u00e5lla kroppens pH.<\/p>\n<p>Genom att l\u00e4gga till Xylitol till alla v\u00e5ra skandinaviska hudgodispastor \u00e4r h\u00e5rborttagning mycket enklare \u00e4n n\u00e5gonsin tidigare, med mindre rodnad eller irritation av din hud \u00e4n med andra traditionella pasta.<\/p>\n<p>Produkter som anv\u00e4nds f\u00f6r vaxning \u00e4r petroleum- och kemikaliebaserade hartser som g\u00f6r dem ben\u00e4gna att korskontamination. Scandinavian Skin Candy-pastor \u00e4r alla Pure Natural. De \u00e4r till och med \u00e4tbara och l\u00e4ckra! Alla v\u00e5ra pastor \u00e4r 100%-s\u00e4kra och extremt v\u00e4nliga mot din hud.<\/p>\n<p>Massorna har en mycket h\u00f6g koncentration av socker som f\u00f6rhindrar bakterier fr\u00e5n att leva i dem. Med Xylitol inneh\u00e5ller massorna sockeralkohol, vilket g\u00f6r produkterna ocks\u00e5 \u00e4nnu mer fuktgivande.<\/p>\n<p>Efter ett antal behandlingar b\u00f6rjar h\u00e5rs\u00e4ckarna att t\u00f6mmas ut. H\u00e5ret blir klenare efter varje behandling och redan efter n\u00e5gra behandlingar kommer det att synas permanenta resultat. Kunden kommer att f\u00e5 en vacker och silkeslen hud i flera veckor. Det viktigt att p\u00e5minna  kunderna om korrekt efterv\u00e5rd.<\/p>\n<p><iframe loading=\"lazy\" title=\"Scandinavian Skin Candy Diy Kit esittely\" width=\"1200\" height=\"675\" src=\"https:\/\/www.youtube.com\/embed\/55y4B_vIwzA?feature=oembed&#038;enablejsapi=1&#038;origin=https:\/\/skincandyfamily.fi\" frameborder=\"0\" allow=\"accelerometer; autoplay; clipboard-write; encrypted-media; gyroscope; picture-in-picture; web-share\" allowfullscreen><\/iframe><\/p>\n<p><iframe loading=\"lazy\" title=\"Scandinavian Skin Candy DIY Kit karvanpoisto\" width=\"1200\" height=\"900\" src=\"https:\/\/www.youtube.com\/embed\/ctZl2vq_rUI?feature=oembed&#038;enablejsapi=1&#038;origin=https:\/\/skincandyfamily.fi\" frameborder=\"0\" allow=\"accelerometer; autoplay; clipboard-write; encrypted-media; gyroscope; picture-in-picture; web-share\" allowfullscreen><\/iframe><\/p>","protected":false},"excerpt":{"rendered":"<p>Candying hemmapaket f\u00f6r person som vill ta hand om huden \u00e4ven hemma mellan behandlingstillf\u00e4llena. DIY-kit ger dig extraf\u00f6rs\u00e4ljning och ditt arbete underl\u00e4ttas d\u00e5 din kund inte har rakat eller vaxat h\u00e5ret mellan behandlingarna. Hemmapaketet inneh\u00e5ller allt som beh\u00f6vs f\u00f6r en naturlig och s\u00e4ker h\u00e5rborttagning \u00e4ven hemma.<\/p>","protected":false},"featured_media":71642,"template":"","meta":{"_monsterinsights_skip_tracking":false,"_monsterinsights_sitenote_active":false,"_monsterinsights_sitenote_note":"","_monsterinsights_sitenote_category":0},"product_brand":[],"product_cat":[615,614],"product_tag":[],"class_list":{"0":"post-66698","1":"product","2":"type-product","3":"status-publish","4":"has-post-thumbnail","6":"product_cat-diy-kit","7":"product_cat-gifts","8":"product_shipping_class-small-items","9":"description-off","11":"first","12":"instock","13":"taxable","14":"shipping-taxable","15":"purchasable","16":"product-type-simple"},"_links":{"self":[{"href":"https:\/\/skincandyfamily.fi\/sv\/wp-json\/wp\/v2\/product\/66698"}],"collection":[{"href":"https:\/\/skincandyfamily.fi\/sv\/wp-json\/wp\/v2\/product"}],"about":[{"href":"https:\/\/skincandyfamily.fi\/sv\/wp-json\/wp\/v2\/types\/product"}],"wp:featuredmedia":[{"embeddable":true,"href":"https:\/\/skincandyfamily.fi\/sv\/wp-json\/wp\/v2\/media\/71642"}],"wp:attachment":[{"href":"https:\/\/skincandyfamily.fi\/sv\/wp-json\/wp\/v2\/media?parent=66698"}],"wp:term":[{"taxonomy":"product_brand","embeddable":true,"href":"https:\/\/skincandyfamily.fi\/sv\/wp-json\/wp\/v2\/product_brand?post=66698"},{"taxonomy":"product_cat","embeddable":true,"href":"https:\/\/skincandyfamily.fi\/sv\/wp-json\/wp\/v2\/product_cat?post=66698"},{"taxonomy":"product_tag","embeddable":true,"href":"https:\/\/skincandyfamily.fi\/sv\/wp-json\/wp\/v2\/product_tag?post=66698"}],"curies":[{"name":"wp","href":"https:\/\/api.w.org\/{rel}","templated":true}]}}