{"id":70732,"date":"2020-11-03T14:45:36","date_gmt":"2020-11-03T12:45:36","guid":{"rendered":"https:\/\/skincandyfamily.fi\/?post_type=product&#038;p=70732"},"modified":"2026-01-21T09:55:37","modified_gmt":"2026-01-21T07:55:37","slug":"diy-kit-candy-paste","status":"publish","type":"product","link":"https:\/\/skincandyfamily.fi\/sv\/produkt\/diy-kit-candy-paste\/","title":{"rendered":"DIY-kit Candy Paste"},"content":{"rendered":"<p>Skin Candy - h\u00e5rborttagningspasta inneh\u00e5ller Xylitol, som v\u00e5rdar huden och resulterar i varsam behandling, h\u00e5rfri och mjukt exfolierad hud.<\/p>\n<p>F\u00f6r att uppn\u00e5 b\u00e4sta m\u00f6jliga resultat beh\u00f6ver du ocks\u00e5 andra produkter fr\u00e5n DIY-kitet f\u00f6r h\u00e5rborttagning.<\/p>\n<ul>\n<li><a href=\"https:\/\/skincandyfamily.fi\/fi\/tuote\/diy-kit-cleanser-caramel\/\">Reng\u00f6ring Caramel<\/a> (reng\u00f6ring innan applicering av massan och Candying Dust)<\/li>\n<li><a href=\"https:\/\/skincandyfamily.fi\/fi\/tuote\/diy-kit-dust\/\">Godis Dustia<\/a> (bentonitpulver som binder fukt)<\/li>\n<li><a href=\"https:\/\/skincandyfamily.fi\/fi\/tuote\/diy-kit-lotion-caramel\/\">Caramel Lotion<\/a> (lugnar huden efter h\u00e5rborttagningen)<\/li>\n<\/ul>\n<p>OBS! Om du anv\u00e4nder produkten f\u00f6r f\u00f6rsta g\u00e5ngen rekommenderar vi att du best\u00e4ller DIY-kit startpaketet.<\/p>\n<p>Anv\u00e4ndning: Den f\u00e4rdiga massan appliceras p\u00e5 huden mot h\u00e5rv\u00e4xten med en spatel och tas bort med en tygrem i h\u00e5rv\u00e4xtriktningen. Se \u00e4ven den nedanf\u00f6r den l\u00e4gsta videon f\u00f6r instruktioner.<\/p>\n<p>H\u00e5rborttagningsmassan \u00e4r l\u00e4mplig f\u00f6r hela kroppen.<\/p>\n<p>Storlek: 250g<\/p>\n<p><strong>INCI:<\/strong> Sucrose, Aqua, Xylitol, Acacia Senegal Gum, Citric Acid<\/p>\n<p>&nbsp;<\/p>\n<p><iframe loading=\"lazy\" title=\"Scandinavian Skin Candy Diy Kit esittely\" width=\"1200\" height=\"675\" src=\"https:\/\/www.youtube.com\/embed\/55y4B_vIwzA?feature=oembed&#038;enablejsapi=1&#038;origin=https:\/\/skincandyfamily.fi\" frameborder=\"0\" allow=\"accelerometer; autoplay; clipboard-write; encrypted-media; gyroscope; picture-in-picture; web-share\" referrerpolicy=\"strict-origin-when-cross-origin\" allowfullscreen><\/iframe><\/p>","protected":false},"excerpt":{"rendered":"<p>I Skin Candy-h\u00e5rborttagningen, eller 'Candying', avl\u00e4gsnas kroppsh\u00e5r med en unik pasta som inneh\u00e5ller Xylitol. Xylitol v\u00e5rdar huden, vilket resulterar i skonsamt behandlad, h\u00e5rfri och mjukt exfolierad hud.<\/p>","protected":false},"featured_media":71488,"template":"","meta":{"_monsterinsights_skip_tracking":false,"_monsterinsights_sitenote_active":false,"_monsterinsights_sitenote_note":"","_monsterinsights_sitenote_category":0},"product_brand":[],"product_cat":[615],"product_tag":[],"class_list":{"0":"post-70732","1":"product","2":"type-product","3":"status-publish","4":"has-post-thumbnail","6":"product_cat-diy-kit","7":"product_shipping_class-small-items","8":"description-off","10":"first","11":"instock","12":"taxable","13":"shipping-taxable","14":"purchasable","15":"product-type-simple"},"_links":{"self":[{"href":"https:\/\/skincandyfamily.fi\/sv\/wp-json\/wp\/v2\/product\/70732"}],"collection":[{"href":"https:\/\/skincandyfamily.fi\/sv\/wp-json\/wp\/v2\/product"}],"about":[{"href":"https:\/\/skincandyfamily.fi\/sv\/wp-json\/wp\/v2\/types\/product"}],"wp:featuredmedia":[{"embeddable":true,"href":"https:\/\/skincandyfamily.fi\/sv\/wp-json\/wp\/v2\/media\/71488"}],"wp:attachment":[{"href":"https:\/\/skincandyfamily.fi\/sv\/wp-json\/wp\/v2\/media?parent=70732"}],"wp:term":[{"taxonomy":"product_brand","embeddable":true,"href":"https:\/\/skincandyfamily.fi\/sv\/wp-json\/wp\/v2\/product_brand?post=70732"},{"taxonomy":"product_cat","embeddable":true,"href":"https:\/\/skincandyfamily.fi\/sv\/wp-json\/wp\/v2\/product_cat?post=70732"},{"taxonomy":"product_tag","embeddable":true,"href":"https:\/\/skincandyfamily.fi\/sv\/wp-json\/wp\/v2\/product_tag?post=70732"}],"curies":[{"name":"wp","href":"https:\/\/api.w.org\/{rel}","templated":true}]}}