{"id":70735,"date":"2020-11-03T15:04:42","date_gmt":"2020-11-03T13:04:42","guid":{"rendered":"https:\/\/skincandyfamily.fi\/?post_type=product&#038;p=70735"},"modified":"2026-01-21T09:54:51","modified_gmt":"2026-01-21T07:54:51","slug":"diy-kit-dust","status":"publish","type":"product","link":"https:\/\/skincandyfamily.fi\/sv\/produkt\/diy-kit-dust\/","title":{"rendered":"DIY-kit Dust"},"content":{"rendered":"<p>Skin Candy DIY Kit Refill - Dust-p\u00e5se 10g<\/p>\n<p>Anv\u00e4ndning: Dust appliceras p\u00e5 rengjord hud innan applicering av h\u00e5rborttagningspasta. Dess syfte \u00e4r att binda fukt, vilket g\u00f6r att h\u00e5rborttagningspastan f\u00e4ster b\u00e4ttre p\u00e5 h\u00e5ret.<\/p>\n<p><a href=\"https:\/\/skincandyfamily.fi\/sv\/produkt\/diy-kit\/\">I DIY-kit<\/a> f\u00f6rpackningen ing\u00e5r alla produkter du beh\u00f6ver f\u00f6r behandlingen samt fullst\u00e4ndiga instruktioner.<\/p>\n<p><strong>INCI:<\/strong> Bentonite, Zea Mays Starch, Magnesium Carbonate, Calcium Carbonate, Allantoine.<\/p>\n<p><iframe loading=\"lazy\" title=\"Scandinavian Skin Candy Diy Kit esittely\" width=\"1200\" height=\"675\" src=\"https:\/\/www.youtube.com\/embed\/55y4B_vIwzA?feature=oembed&#038;enablejsapi=1&#038;origin=https:\/\/skincandyfamily.fi\" frameborder=\"0\" allow=\"accelerometer; autoplay; clipboard-write; encrypted-media; gyroscope; picture-in-picture; web-share\" allowfullscreen><\/iframe><\/p>","protected":false},"excerpt":{"rendered":"<p>Skin Candy DIY Kit Refill - Dust-p\u00e5se. Dust appliceras p\u00e5 rengjord hud innan applicering av h\u00e5rborttagningspasta. Dess syfte \u00e4r att binda fukt, vilket g\u00f6r att h\u00e5rborttagningspastan f\u00e4ster b\u00e4ttre p\u00e5 h\u00e5ret.<\/p>","protected":false},"featured_media":70772,"template":"","meta":{"_monsterinsights_skip_tracking":false,"_monsterinsights_sitenote_active":false,"_monsterinsights_sitenote_note":"","_monsterinsights_sitenote_category":0},"product_brand":[],"product_cat":[615],"product_tag":[],"class_list":{"0":"post-70735","1":"product","2":"type-product","3":"status-publish","4":"has-post-thumbnail","6":"product_cat-diy-kit","7":"product_shipping_class-small-items","8":"description-off","10":"first","11":"instock","12":"taxable","13":"shipping-taxable","14":"purchasable","15":"product-type-simple"},"_links":{"self":[{"href":"https:\/\/skincandyfamily.fi\/sv\/wp-json\/wp\/v2\/product\/70735"}],"collection":[{"href":"https:\/\/skincandyfamily.fi\/sv\/wp-json\/wp\/v2\/product"}],"about":[{"href":"https:\/\/skincandyfamily.fi\/sv\/wp-json\/wp\/v2\/types\/product"}],"wp:featuredmedia":[{"embeddable":true,"href":"https:\/\/skincandyfamily.fi\/sv\/wp-json\/wp\/v2\/media\/70772"}],"wp:attachment":[{"href":"https:\/\/skincandyfamily.fi\/sv\/wp-json\/wp\/v2\/media?parent=70735"}],"wp:term":[{"taxonomy":"product_brand","embeddable":true,"href":"https:\/\/skincandyfamily.fi\/sv\/wp-json\/wp\/v2\/product_brand?post=70735"},{"taxonomy":"product_cat","embeddable":true,"href":"https:\/\/skincandyfamily.fi\/sv\/wp-json\/wp\/v2\/product_cat?post=70735"},{"taxonomy":"product_tag","embeddable":true,"href":"https:\/\/skincandyfamily.fi\/sv\/wp-json\/wp\/v2\/product_tag?post=70735"}],"curies":[{"name":"wp","href":"https:\/\/api.w.org\/{rel}","templated":true}]}}