{"id":70742,"date":"2020-11-03T15:30:51","date_gmt":"2020-11-03T13:30:51","guid":{"rendered":"https:\/\/skincandyfamily.fi\/?post_type=product&#038;p=70742"},"modified":"2026-01-21T09:53:22","modified_gmt":"2026-01-21T07:53:22","slug":"diy-kit-lotion-caramel","status":"publish","type":"product","link":"https:\/\/skincandyfamily.fi\/sv\/produkt\/diy-kit-lotion-caramel\/","title":{"rendered":"DIY-kit Lotion Caramel"},"content":{"rendered":"<p>Skin Candys popul\u00e4ra kroppslotion med Xylitol finns \u00e4ven i en praktisk 50 ml storlek! Denna lotion \u00e4r ocks\u00e5 l\u00e4mplig f\u00f6r att lugna huden efter h\u00e5rborttagning.<\/p>\n<p>\u00c5terfuktar effektivt och lugnar torr hud. Utm\u00e4rkt f\u00f6r atopisk hud.\nDenna l\u00e4ttabsorberade kroppslotion inneh\u00e5ller shea- och kakaosm\u00f6r som n\u00e4ring f\u00f6r huden och h\u00e5ller den smidig.\nPanthenol och Xylitol lugnar hudirritationer och \u00e5terfuktar huden. Resultatet blir en j\u00e4mnare, mjukare och behagligt doftande hud.<\/p>\n<p>Unna din hud den f\u00f6rtrollande karamellparfymerade lotionen och l\u00e5t doften omsluta din kropp. Lotionen absorberas v\u00e4l och l\u00e4mnar inte huden klibbig.<\/p>\n<p><a href=\"https:\/\/skincandyfamily.fi\/sv\/produkt\/diy-kit\/\">I DIY-kit<\/a> f\u00f6rpackningen ing\u00e5r alla produkter du beh\u00f6ver f\u00f6r behandlingen samt fullst\u00e4ndiga instruktioner.<\/p>\n<p><strong>INCI:<\/strong> Water (Aqua), Propanediol, Caprylic\/Capric Triglyceride, Glycerine, Hydroxystearyl Alcohol (and) Hydroxystearyl Glucoside, Panthenol, Butyrospermum Parkii (Shea Butter), Xylitylglucoside &amp; Anhydroxylitol &amp; Xylitol, Theobroma Cacao (Cocoa) Seed Butter, Glycerin and Ethyl Lauroyl Arginate HCl, Xanthan gum, Vanilla Planifolia (Vanilla) Oleoresin, Parfum (Fragrance)<\/p>\n<p><iframe loading=\"lazy\" title=\"Scandinavian Skin Candy Diy Kit esittely\" width=\"1200\" height=\"675\" src=\"https:\/\/www.youtube.com\/embed\/55y4B_vIwzA?feature=oembed&#038;enablejsapi=1&#038;origin=https:\/\/skincandyfamily.fi\" frameborder=\"0\" allow=\"accelerometer; autoplay; clipboard-write; encrypted-media; gyroscope; picture-in-picture; web-share\" allowfullscreen><\/iframe><\/p>\n<p><iframe loading=\"lazy\" title=\"Scandinavian Skin Candy DIY Kit karvanpoisto\" width=\"1200\" height=\"900\" src=\"https:\/\/www.youtube.com\/embed\/ctZl2vq_rUI?feature=oembed&#038;enablejsapi=1&#038;origin=https:\/\/skincandyfamily.fi\" frameborder=\"0\" allow=\"accelerometer; autoplay; clipboard-write; encrypted-media; gyroscope; picture-in-picture; web-share\" allowfullscreen><\/iframe><\/p>","protected":false},"excerpt":{"rendered":"<p>Skin Candys popul\u00e4ra kroppslotion med Xylitol finns ocks\u00e5 i en praktisk 50 ml storlek! Denna lotion \u00e4r \u00e4ven l\u00e4mplig f\u00f6r att lugna huden efter h\u00e5rborttagning. Den \u00e5terfuktar och lugnar effektivt torr hud och \u00e4r utm\u00e4rkt \u00e4ven f\u00f6r atopisk hud.<\/p>","protected":false},"featured_media":70781,"template":"","meta":{"_monsterinsights_skip_tracking":false,"_monsterinsights_sitenote_active":false,"_monsterinsights_sitenote_note":"","_monsterinsights_sitenote_category":0},"product_brand":[],"product_cat":[581,615],"product_tag":[],"class_list":{"0":"post-70742","1":"product","2":"type-product","3":"status-publish","4":"has-post-thumbnail","6":"product_cat-lotions","7":"product_cat-diy-kit","8":"product_shipping_class-small-items","9":"description-off","11":"first","12":"instock","13":"taxable","14":"shipping-taxable","15":"purchasable","16":"product-type-simple"},"_links":{"self":[{"href":"https:\/\/skincandyfamily.fi\/sv\/wp-json\/wp\/v2\/product\/70742"}],"collection":[{"href":"https:\/\/skincandyfamily.fi\/sv\/wp-json\/wp\/v2\/product"}],"about":[{"href":"https:\/\/skincandyfamily.fi\/sv\/wp-json\/wp\/v2\/types\/product"}],"wp:featuredmedia":[{"embeddable":true,"href":"https:\/\/skincandyfamily.fi\/sv\/wp-json\/wp\/v2\/media\/70781"}],"wp:attachment":[{"href":"https:\/\/skincandyfamily.fi\/sv\/wp-json\/wp\/v2\/media?parent=70742"}],"wp:term":[{"taxonomy":"product_brand","embeddable":true,"href":"https:\/\/skincandyfamily.fi\/sv\/wp-json\/wp\/v2\/product_brand?post=70742"},{"taxonomy":"product_cat","embeddable":true,"href":"https:\/\/skincandyfamily.fi\/sv\/wp-json\/wp\/v2\/product_cat?post=70742"},{"taxonomy":"product_tag","embeddable":true,"href":"https:\/\/skincandyfamily.fi\/sv\/wp-json\/wp\/v2\/product_tag?post=70742"}],"curies":[{"name":"wp","href":"https:\/\/api.w.org\/{rel}","templated":true}]}}