{"id":70782,"date":"2020-11-04T15:18:30","date_gmt":"2020-11-04T13:18:30","guid":{"rendered":"https:\/\/skincandyfamily.fi\/?post_type=product&#038;p=70782"},"modified":"2026-01-21T09:59:45","modified_gmt":"2026-01-21T07:59:45","slug":"diy-kit-spatulas","status":"publish","type":"product","link":"https:\/\/skincandyfamily.fi\/sv\/produkt\/diy-kit-spatulas\/","title":{"rendered":"DIY-kit spatlar"},"content":{"rendered":"<p>F\u00f6r att fylla p\u00e5 Skin Candy DIY Kit, f\u00e5r du 10 tr\u00e4spatlar. Skin Candys h\u00e5rborttagningspasta appliceras p\u00e5 huden med hj\u00e4lp av en tr\u00e4spatel. Skin Candys h\u00e5rborttagningspasta \u00e4r vattenl\u00f6slig, s\u00e5 efter anv\u00e4ndning kan du sk\u00f6lja spateln under varmt vatten och l\u00e5ta den torka. Du kan anv\u00e4nda samma spatel flera g\u00e5nger!<\/p>\n<p><a href=\"https:\/\/skincandyfamily.fi\/sv\/produkt\/diy-kit\/\">I DIY-kit<\/a> f\u00f6rpackningen ing\u00e5r alla produkter du beh\u00f6ver f\u00f6r behandlingen samt fullst\u00e4ndiga instruktioner.<\/p>\n<p><iframe loading=\"lazy\" title=\"Scandinavian Skin Candy Diy Kit esittely\" width=\"1200\" height=\"675\" src=\"https:\/\/www.youtube.com\/embed\/55y4B_vIwzA?feature=oembed&#038;enablejsapi=1&#038;origin=https:\/\/skincandyfamily.fi\" frameborder=\"0\" allow=\"accelerometer; autoplay; clipboard-write; encrypted-media; gyroscope; picture-in-picture; web-share\" allowfullscreen><\/iframe><\/p>\n<p><iframe loading=\"lazy\" title=\"Scandinavian Skin Candy DIY Kit karvanpoisto\" width=\"1200\" height=\"900\" src=\"https:\/\/www.youtube.com\/embed\/ctZl2vq_rUI?feature=oembed&#038;enablejsapi=1&#038;origin=https:\/\/skincandyfamily.fi\" frameborder=\"0\" allow=\"accelerometer; autoplay; clipboard-write; encrypted-media; gyroscope; picture-in-picture; web-share\" allowfullscreen><\/iframe><\/p>","protected":false},"excerpt":{"rendered":"<p>F\u00f6r att fylla p\u00e5 Skin Candy DIY Kit, f\u00e5r du 10 tr\u00e4spatlar. Skin Candys h\u00e5rborttagningspasta appliceras p\u00e5 huden med hj\u00e4lp av en tr\u00e4spatel. Skin Candys h\u00e5rborttagningspasta \u00e4r vattenl\u00f6slig, s\u00e5 efter anv\u00e4ndning kan du sk\u00f6lja spateln under varmt vatten och l\u00e5ta den torka. Du kan anv\u00e4nda samma spatel flera g\u00e5nger!<\/p>","protected":false},"featured_media":70831,"template":"","meta":{"_monsterinsights_skip_tracking":false,"_monsterinsights_sitenote_active":false,"_monsterinsights_sitenote_note":"","_monsterinsights_sitenote_category":0},"product_brand":[],"product_cat":[615],"product_tag":[],"class_list":{"0":"post-70782","1":"product","2":"type-product","3":"status-publish","4":"has-post-thumbnail","6":"product_cat-diy-kit","7":"product_shipping_class-small-items","8":"description-off","10":"first","11":"instock","12":"taxable","13":"shipping-taxable","14":"purchasable","15":"product-type-simple"},"_links":{"self":[{"href":"https:\/\/skincandyfamily.fi\/sv\/wp-json\/wp\/v2\/product\/70782"}],"collection":[{"href":"https:\/\/skincandyfamily.fi\/sv\/wp-json\/wp\/v2\/product"}],"about":[{"href":"https:\/\/skincandyfamily.fi\/sv\/wp-json\/wp\/v2\/types\/product"}],"wp:featuredmedia":[{"embeddable":true,"href":"https:\/\/skincandyfamily.fi\/sv\/wp-json\/wp\/v2\/media\/70831"}],"wp:attachment":[{"href":"https:\/\/skincandyfamily.fi\/sv\/wp-json\/wp\/v2\/media?parent=70782"}],"wp:term":[{"taxonomy":"product_brand","embeddable":true,"href":"https:\/\/skincandyfamily.fi\/sv\/wp-json\/wp\/v2\/product_brand?post=70782"},{"taxonomy":"product_cat","embeddable":true,"href":"https:\/\/skincandyfamily.fi\/sv\/wp-json\/wp\/v2\/product_cat?post=70782"},{"taxonomy":"product_tag","embeddable":true,"href":"https:\/\/skincandyfamily.fi\/sv\/wp-json\/wp\/v2\/product_tag?post=70782"}],"curies":[{"name":"wp","href":"https:\/\/api.w.org\/{rel}","templated":true}]}}