{"id":70917,"date":"2021-01-25T11:40:29","date_gmt":"2021-01-25T09:40:29","guid":{"rendered":"https:\/\/skincandyfamily.fi\/?post_type=product&#038;p=70917"},"modified":"2026-02-19T15:05:43","modified_gmt":"2026-02-19T13:05:43","slug":"sensitive-peel-enzymatic-30g","status":"publish","type":"product","link":"https:\/\/skincandyfamily.fi\/sv\/produkt\/sensitive-peel-enzymatic-30g\/","title":{"rendered":"Sensitive Peel Enzymatic 30g"},"content":{"rendered":"<p>Mild, enzymatisk exfoliering. Kan anv\u00e4ndas b\u00e5de p\u00e5 kroppen och i ansiktet.<\/p>\n<p>K\u00e4nslig Peel Enzymatic rekommenderas f\u00f6r att f\u00f6rbereda huden inf\u00f6r h\u00e5rborttagning. Den exfolierar och mjukar upp huden, vilket g\u00f6r h\u00e5rborttagningen l\u00e4ttare, mindre sm\u00e4rtsam och resulterar i ett b\u00e4ttre resultat. Denna n\u00e4ringsrika enzymatiska exfoliering \u00e4r s\u00e4rskilt effektiv f\u00f6r hud som \u00e4r ben\u00e4gen f\u00f6r in\u00e5tv\u00e4xta h\u00e5r och torrhet.<\/p>\n<p>Det \u00e4r ocks\u00e5 en utm\u00e4rkt produkt f\u00f6r veckovis hudexfoliering, \u00e4ven om du inte utf\u00f6r h\u00e5rbortagning.<\/p>\n<p>Inneh\u00e5ller fruktenzymer, bromelin och papain. Dessutom inneh\u00e5ller den lingon och smultron. Papain mjukar upp huden och h\u00e5rs\u00e4ckarna. Lingonb\u00e4ren v\u00e5rdar och skyddar huden genom att \u00f6ka dess elasticitet, skydda den mot fria radikaler, stimulera mikrocirkulationen och fr\u00e4mja hudf\u00f6rnyelsen. Som ett resultat f\u00f6rsenar den hudens \u00e5ldrande och f\u00f6rb\u00e4ttrar hudens elasticitet. Smultron inneh\u00e5ller naturliga fuktgivare och olika antioxidanter, s\u00e5som vitamin C och ellagsyra, som lugnar, skyddar och ljusar upp huden.<\/p>\n<p>Anv\u00e4ndning: Ta 1-2 teskedar av pulvret, beroende p\u00e5 det behandlade omr\u00e5dets storlek, och tills\u00e4tt Fresh Kiss Mist, en ansiktsvatten rik p\u00e5 xylitol, tills du f\u00e5r en j\u00e4mn konsistens. Applicera p\u00e5 det behandlade omr\u00e5det och l\u00e5t verka i 15 minuter. Torka av med en fuktig trasa och avsluta med Fresh Kiss Mist.<\/p>\n<p><strong>INCI:<\/strong> Kaolin, Solum Diatomeae, Bentonit, Titandioxid (CI77891), Maltodextrin, Ananas Sativus-fruktextrakt, Carica Papaya-fruktjuice, Vaccinium Vitis-Idaea-fruktpulver, Fragaria Vesca-fruktpulver, citronsyra.<\/p>","protected":false},"excerpt":{"rendered":"<p>Mild, enzymatic exfoliation. Kan anv\u00e4ndas p\u00e5 b\u00e5de kropp och ansikte. Sensitive Peel Enzymatic rekommenderas f\u00f6r att f\u00f6rbereda huden f\u00f6re h\u00e5rborttagning. Den exfolierar och mjukar upp huden, vilket g\u00f6r h\u00e5rborttagning enklare, mindre sm\u00e4rtsam och ger ett b\u00e4ttre resultat. Denna n\u00e4rande enzymatiska exfoliering \u00e4r s\u00e4rskilt effektiv f\u00f6r hud som \u00e4r ben\u00e4gen f\u00f6r in\u00e5tv\u00e4xande h\u00e5r och torrhet.<\/p>","protected":false},"featured_media":70846,"template":"","meta":{"_monsterinsights_skip_tracking":false,"_monsterinsights_sitenote_active":false,"_monsterinsights_sitenote_note":"","_monsterinsights_sitenote_category":0},"product_brand":[],"product_cat":[581,604],"product_tag":[],"class_list":{"0":"post-70917","1":"product","2":"type-product","3":"status-publish","4":"has-post-thumbnail","6":"product_cat-lotions","7":"product_cat-face-care","8":"product_shipping_class-small-items","9":"description-off","11":"first","12":"instock","13":"taxable","14":"shipping-taxable","15":"purchasable","16":"product-type-simple"},"_links":{"self":[{"href":"https:\/\/skincandyfamily.fi\/sv\/wp-json\/wp\/v2\/product\/70917"}],"collection":[{"href":"https:\/\/skincandyfamily.fi\/sv\/wp-json\/wp\/v2\/product"}],"about":[{"href":"https:\/\/skincandyfamily.fi\/sv\/wp-json\/wp\/v2\/types\/product"}],"wp:featuredmedia":[{"embeddable":true,"href":"https:\/\/skincandyfamily.fi\/sv\/wp-json\/wp\/v2\/media\/70846"}],"wp:attachment":[{"href":"https:\/\/skincandyfamily.fi\/sv\/wp-json\/wp\/v2\/media?parent=70917"}],"wp:term":[{"taxonomy":"product_brand","embeddable":true,"href":"https:\/\/skincandyfamily.fi\/sv\/wp-json\/wp\/v2\/product_brand?post=70917"},{"taxonomy":"product_cat","embeddable":true,"href":"https:\/\/skincandyfamily.fi\/sv\/wp-json\/wp\/v2\/product_cat?post=70917"},{"taxonomy":"product_tag","embeddable":true,"href":"https:\/\/skincandyfamily.fi\/sv\/wp-json\/wp\/v2\/product_tag?post=70917"}],"curies":[{"name":"wp","href":"https:\/\/api.w.org\/{rel}","templated":true}]}}