{"id":72109,"date":"2025-06-19T09:23:10","date_gmt":"2025-06-19T06:23:10","guid":{"rendered":"https:\/\/skincandyfamily.fi\/?post_type=product&#038;p=72109"},"modified":"2026-01-28T14:41:40","modified_gmt":"2026-01-28T12:41:40","slug":"skin-candy-ingrown-hair-inhibitor-roll-on-50ml","status":"publish","type":"product","link":"https:\/\/skincandyfamily.fi\/sv\/produkt\/skin-candy-ingrown-hair-inhibitor-roll-on-50ml\/","title":{"rendered":"Ingrown Hair Inhibitor roll-on 50ml"},"content":{"rendered":"<h3 data-start=\"140\" data-end=\"208\"><strong data-start=\"144\" data-end=\"208\">Effektiv v\u00e5rd mot in\u00e5tv\u00e4xande h\u00e5rstr\u00e5n \u2013 med naturliga ingredienser!<\/strong><\/h3>\n<p data-start=\"210\" data-end=\"663\">V\u00e5r avancerade formula hj\u00e4lper till att f\u00f6rebygga och behandla in\u00e5tv\u00e4xande h\u00e5rstr\u00e5n p\u00e5 ett skonsamt och effektivt s\u00e4tt. Aquaxyl-komplexet, som inneh\u00e5ller xylitol i tre olika molekylformer, f\u00f6rb\u00e4ttrar hudens fuktbalans och st\u00e4rker dess naturliga skyddsbarri\u00e4r. Salicylsyra och AHA-syror (citronsyra, vinsyra och \u00e4ppelsyra) exfolierar huden milt, medan hibiskus- och violextrakt lugnar irriterad hud. Papain och papayaextrakt st\u00f6djer hudens f\u00f6rnyelse och f\u00f6rsvagar h\u00e5rs\u00e4cken.<\/p>\n<p data-start=\"665\" data-end=\"776\">Passar alla hudtyper vid regelbunden anv\u00e4ndning.<br data-start=\"710\" data-end=\"713\" \/><strong data-start=\"713\" data-end=\"776\">S\u00e4g hejd\u00e5 till in\u00e5tv\u00e4xande h\u00e5r \u2013 och njut av en sl\u00e4t och j\u00e4mn hud!<\/strong><\/p>\n<h3 data-start=\"783\" data-end=\"802\"><strong data-start=\"787\" data-end=\"802\">Anv\u00e4ndning:<\/strong><\/h3>\n<ol data-start=\"804\" data-end=\"1491\">\n<li data-start=\"804\" data-end=\"941\">\n<p data-start=\"807\" data-end=\"941\"><strong data-start=\"807\" data-end=\"828\">Reng\u00f6r huden:<\/strong><br data-start=\"828\" data-end=\"831\" \/>Se till att omr\u00e5det \u00e4r rent och torrt. Produkten fungerar b\u00e4st n\u00e4r den appliceras efter h\u00e5rborttagning f\u00f6r att f\u00f6rebygga in\u00e5tv\u00e4xande h\u00e5rstr\u00e5n.<\/p>\n<\/li>\n<li data-start=\"943\" data-end=\"1118\">\n<p data-start=\"946\" data-end=\"1118\"><strong data-start=\"946\" data-end=\"968\">Applicera produkten:<\/strong><br data-start=\"968\" data-end=\"971\" \/>Rulla f\u00f6rsiktigt applikatorn \u00f6ver det utsatta eller problematiska omr\u00e5det. Se till att t\u00e4cka hela omr\u00e5det d\u00e4r det finns tendens till in\u00e5tv\u00e4xande h\u00e5rstr\u00e5n.<\/p>\n<\/li>\n<li data-start=\"1120\" data-end=\"1223\">\n<p data-start=\"1123\" data-end=\"1223\"><strong data-start=\"1123\" data-end=\"1141\">L\u00e5t absorbera:<\/strong><br data-start=\"1141\" data-end=\"1144\" \/>L\u00e5t produkten absorberas helt i huden. Den beh\u00f6ver inte masseras in eller sk\u00f6ljas av.<\/p>\n<\/li>\n<li data-start=\"1225\" data-end=\"1491\">\n<p data-start=\"1228\" data-end=\"1491\"><strong data-start=\"1228\" data-end=\"1246\">Anv\u00e4nd regelbundet:<\/strong><br data-start=\"1246\" data-end=\"1249\" \/>F\u00f6r b\u00e4sta resultat, anv\u00e4nd dagligen eller efter varje h\u00e5rborttagning. Forts\u00e4tt behandlingen tills nya h\u00e5rstr\u00e5n har vuxit fram. Vid besv\u00e4r kan produkten anv\u00e4ndas dagligen mellan h\u00e5rborttagningssessionerna f\u00f6r att lugna och \u00e5terfukta huden.<\/p>\n<\/li>\n<\/ol>\n<p>INCI: Water (Aqua), Alcohol Denat., Propanediol, Lactic Acid, Gluconolactone, Glycerin, Salix Purpurea Bark Extract, Salicylic Acid, Melaleuca Alternifolia Leaf Oil (Tea Tree oil), Pentylene Glycol, Sodium Benzoate, Benzoic Acid, Sodium Bicarbonate.<\/p>","protected":false},"excerpt":{"rendered":"<p data-start=\"140\" data-end=\"208\"><strong data-start=\"713\" data-end=\"776\">S\u00e4g hejd\u00e5 till in\u00e5tv\u00e4xande h\u00e5r \u2013 och njut av en sl\u00e4t och j\u00e4mn hud!<\/strong><\/p>\n<p data-start=\"210\" data-end=\"663\">V\u00e5r avancerade formula hj\u00e4lper till att f\u00f6rebygga och behandla in\u00e5tv\u00e4xande h\u00e5rstr\u00e5n p\u00e5 ett skonsamt och effektivt s\u00e4tt. Passar alla hudtyper vid regelbunden anv\u00e4ndning.<\/p>","protected":false},"featured_media":72110,"template":"","meta":{"_monsterinsights_skip_tracking":false,"_monsterinsights_sitenote_active":false,"_monsterinsights_sitenote_note":"","_monsterinsights_sitenote_category":0},"product_brand":[],"product_cat":[581],"product_tag":[],"class_list":{"0":"post-72109","1":"product","2":"type-product","3":"status-publish","4":"has-post-thumbnail","6":"product_cat-lotions","7":"description-off","9":"first","10":"instock","11":"taxable","12":"shipping-taxable","13":"purchasable","14":"product-type-simple"},"_links":{"self":[{"href":"https:\/\/skincandyfamily.fi\/sv\/wp-json\/wp\/v2\/product\/72109"}],"collection":[{"href":"https:\/\/skincandyfamily.fi\/sv\/wp-json\/wp\/v2\/product"}],"about":[{"href":"https:\/\/skincandyfamily.fi\/sv\/wp-json\/wp\/v2\/types\/product"}],"wp:featuredmedia":[{"embeddable":true,"href":"https:\/\/skincandyfamily.fi\/sv\/wp-json\/wp\/v2\/media\/72110"}],"wp:attachment":[{"href":"https:\/\/skincandyfamily.fi\/sv\/wp-json\/wp\/v2\/media?parent=72109"}],"wp:term":[{"taxonomy":"product_brand","embeddable":true,"href":"https:\/\/skincandyfamily.fi\/sv\/wp-json\/wp\/v2\/product_brand?post=72109"},{"taxonomy":"product_cat","embeddable":true,"href":"https:\/\/skincandyfamily.fi\/sv\/wp-json\/wp\/v2\/product_cat?post=72109"},{"taxonomy":"product_tag","embeddable":true,"href":"https:\/\/skincandyfamily.fi\/sv\/wp-json\/wp\/v2\/product_tag?post=72109"}],"curies":[{"name":"wp","href":"https:\/\/api.w.org\/{rel}","templated":true}]}}